{"id":2185,"date":"2024-04-23T10:35:34","date_gmt":"2024-04-23T14:35:34","guid":{"rendered":"https:\/\/www.kativik.cogiweb.com\/applicants\/"},"modified":"2026-02-16T14:31:49","modified_gmt":"2026-02-16T19:31:49","slug":"demandeurs","status":"publish","type":"page","link":"https:\/\/nunavikhb.ca\/fr\/demandeurs\/","title":{"rendered":"Demandeurs"},"content":{"rendered":"\n<div class=\"wp-block-group hero-pages-secondaires is-layout-constrained wp-block-group-is-layout-constrained\">\n<figure class=\"wp-block-image size-full hero-pages-secondaires-img\"><img loading=\"lazy\" decoding=\"async\" width=\"1920\" height=\"470\" src=\"https:\/\/nunavikhb.ca\/wp-content\/uploads\/2024\/08\/hero-applicants3.png\" alt=\"\" class=\"wp-image-1021\" srcset=\"https:\/\/nunavikhb.ca\/wp-content\/uploads\/2024\/08\/hero-applicants3.png 1920w, https:\/\/nunavikhb.ca\/wp-content\/uploads\/2024\/08\/hero-applicants3-300x73.png 300w, https:\/\/nunavikhb.ca\/wp-content\/uploads\/2024\/08\/hero-applicants3-1024x251.png 1024w, https:\/\/nunavikhb.ca\/wp-content\/uploads\/2024\/08\/hero-applicants3-768x188.png 768w, https:\/\/nunavikhb.ca\/wp-content\/uploads\/2024\/08\/hero-applicants3-1536x376.png 1536w\" sizes=\"auto, (max-width: 1920px) 100vw, 1920px\" \/><\/figure>\n\n\n\n<h1 class=\"wp-block-heading hero-pages-secondaires-title\">Demandeurs<\/h1>\n<\/div>\n\n\n\n<div class=\"wp-block-group conteneur-pastilles-pSecondaires has-background is-layout-constrained wp-block-group-is-layout-constrained\" style=\"background-color:#e0f3ff\">\n<div class=\"wp-block-group gp-pastilles-pSecondaires is-layout-constrained wp-block-group-is-layout-constrained\">\n<div class=\"wp-block-columns cols-pastilles-pSecondaires is-layout-flex wp-container-core-columns-is-layout-af6ffed4 wp-block-columns-is-layout-flex\" style=\"margin-top:var(--wp--preset--spacing--70);margin-bottom:var(--wp--preset--spacing--70)\">\n<div class=\"wp-block-column pastilles-accueil_col is-layout-flow wp-block-column-is-layout-flow\">\n<figure class=\"wp-block-image aligncenter size-full is-resized img-pastilles-pSecondaires\"><a href=\"#ancre-qualification\"><img decoding=\"async\" src=\"https:\/\/nunavikhb.ca\/wp-content\/uploads\/2024\/08\/Qualification.svg\" alt=\"\" class=\"wp-image-1147\" style=\"object-fit:contain;width:undefinedpx;height:120px\"\/><\/a><\/figure>\n\n\n\n<p class=\"has-text-align-center texte-pastilles-pSecondaires has-text-color has-link-color has-medium-font-size wp-elements-cea1ebe26c246295dc775e70ee70aa84\" style=\"color:#1d3e39\"><a href=\"#ancre-qualification\">Crit\u00e8res de s\u00e9lection<\/a><\/p>\n<\/div>\n\n\n\n<div class=\"wp-block-column pastilles-accueil_col is-layout-flow wp-block-column-is-layout-flow\">\n<figure class=\"wp-block-image aligncenter size-full is-resized img-pastilles-pSecondaires\"><a href=\"#ancre-submit-application\"><img decoding=\"async\" src=\"https:\/\/nunavikhb.ca\/wp-content\/uploads\/2024\/08\/Submit-Application.svg\" alt=\"\" class=\"wp-image-1159\" style=\"object-fit:contain;width:undefinedpx;height:120px\"\/><\/a><\/figure>\n\n\n\n<p class=\"has-text-align-center texte-pastilles-pSecondaires has-text-color has-link-color has-medium-font-size wp-elements-bde362ab9fcdc2c85b37a5e997fa6bbc\" style=\"color:#1d3e39\"><a href=\"#ancre-submit-application\">Pr\u00e9senter<br>une demande<\/a><\/p>\n<\/div>\n\n\n\n<div class=\"wp-block-column pastilles-accueil_col is-layout-flow wp-block-column-is-layout-flow\">\n<figure class=\"wp-block-image aligncenter size-full is-resized img-pastilles-pSecondaires\"><a href=\"#ancre-ranking\"><img decoding=\"async\" src=\"https:\/\/nunavikhb.ca\/wp-content\/uploads\/2024\/08\/Ranking.svg\" alt=\"\" class=\"wp-image-1150\" style=\"object-fit:contain;width:undefinedpx;height:120px\"\/><\/a><\/figure>\n\n\n\n<p class=\"has-text-align-center texte-pastilles-pSecondaires has-text-color has-link-color has-medium-font-size wp-elements-bd43411aa784c7d285eec18291203d12\" style=\"color:#1d3e39\"><a href=\"#ancre-ranking\">Classement<\/a><\/p>\n<\/div>\n\n\n\n<div class=\"wp-block-column pastilles-accueil_col is-layout-flow wp-block-column-is-layout-flow\">\n<figure class=\"wp-block-image aligncenter size-full is-resized img-pastilles-pSecondaires\"><a href=\"https:\/\/nunavikhb.ca\/fr\/housing-stock\/\"><img decoding=\"async\" src=\"https:\/\/nunavikhb.ca\/wp-content\/uploads\/2024\/08\/Housing-Stock.svg\" alt=\"\" class=\"wp-image-1083\" style=\"object-fit:contain;width:undefinedpx;height:120px\"\/><\/a><\/figure>\n\n\n\n<p class=\"has-text-align-center texte-pastilles-pSecondaires has-text-color has-link-color has-medium-font-size wp-elements-a177742c166d5da543cda1b6057cd230\" style=\"color:#1d3e39\"><a href=\"https:\/\/nunavikhb.ca\/fr\/housing-stock\/\">Parc<br>immobilier<\/a><\/p>\n<\/div>\n<\/div>\n<\/div>\n<\/div>\n\n\n\n<div class=\"wp-block-group is-layout-constrained wp-container-core-group-is-layout-70165e62 wp-block-group-is-layout-constrained\">\n<div class=\"wp-block-group has-background is-layout-constrained wp-block-group-is-layout-constrained\" style=\"background-color:#ffe5c7\">\n<div class=\"wp-block-group contenu-page-1280px is-layout-constrained wp-block-group-is-layout-constrained\">\n<div class=\"wp-block-group gp-titres-custom is-nowrap is-layout-flex wp-container-core-group-is-layout-ad2f72ca wp-block-group-is-layout-flex\">\n<h3 class=\"wp-block-heading titres-custom-orange\" id=\"ancre-qualification\">Crit\u00e8res de s\u00e9lection<\/h3>\n\n\n\n<div class=\"wp-block-group titres-lignes-custom-orange is-layout-constrained wp-block-group-is-layout-constrained\"><\/div>\n\n\n\n<figure class=\"wp-block-image size-full titres-img-custom-orange\"><img loading=\"lazy\" decoding=\"async\" width=\"99\" height=\"87\" src=\"https:\/\/nunavikhb.ca\/wp-content\/uploads\/2024\/07\/triangle-orange.png\" alt=\"\" class=\"wp-image-389\"\/><\/figure>\n<\/div>\n\n\n\n<div class=\"wp-block-group encadre-section-orange is-layout-constrained wp-block-group-is-layout-constrained\">\n<h4 class=\"wp-block-heading\">Crit\u00e8res pour devenir locataire de l&rsquo;OHN :<\/h4>\n\n\n\n<ul class=\"wp-block-list\">\n<li>\u00catre un demandeur enregistr\u00e9.<\/li>\n\n\n\n<li>\u00catre capable de subvenir \u00e0 ses besoins personnels et domestiques de mani\u00e8re autonome ou avec l&rsquo;aide d&rsquo;un co-locataire ou de personnes tierces.<\/li>\n\n\n\n<li>\u00catre \u00e2g\u00e9 d&rsquo;au moins 18 ans.<\/li>\n\n\n\n<li>\u00catre b\u00e9n\u00e9ficiaire de la CBJNQ.<\/li>\n\n\n\n<li>Les personnes qui ne sont pas b\u00e9n\u00e9ficiaires de la CBJNQ doivent \u00eatre des citoyens canadiens ou des r\u00e9sidents permanents qui vivent depuis au moins 12 mois cons\u00e9cutifs dans le village nordique o\u00f9 elles pr\u00e9sentent leur demande.<\/li>\n<\/ul>\n<\/div>\n\n\n\n<div class=\"wp-block-group has-vert-color has-text-color has-link-color wp-elements-33b4e2ffd9d87cb4ad658b606a95761a is-layout-constrained wp-block-group-is-layout-constrained\">\n<h4 class=\"wp-block-heading\"><\/h4>\n<\/div>\n<\/div>\n<\/div>\n\n\n\n<div class=\"wp-block-group has-background is-layout-constrained wp-block-group-is-layout-constrained\" style=\"background-color:#e0f3ff\">\n<div class=\"wp-block-group contenu-page-1280px is-layout-constrained wp-block-group-is-layout-constrained\">\n<div class=\"wp-block-group gp-titres-custom is-nowrap is-layout-flex wp-container-core-group-is-layout-ad2f72ca wp-block-group-is-layout-flex\">\n<h3 class=\"wp-block-heading titres-custom-bleu\" id=\"ancre-submit-application\">Pr\u00e9senter une demande<\/h3>\n\n\n\n<div class=\"wp-block-group titres-lignes-custom-bleu is-layout-constrained wp-block-group-is-layout-constrained\"><\/div>\n\n\n\n<figure class=\"wp-block-image size-full titres-img-custom-orange\"><img loading=\"lazy\" decoding=\"async\" width=\"99\" height=\"87\" src=\"https:\/\/nunavikhb.ca\/wp-content\/uploads\/2024\/07\/triangle-bleu.png\" alt=\"\" class=\"wp-image-442\"\/><\/figure>\n<\/div>\n\n\n\n<p>Remplir le <a href=\"https:\/\/nunavikhb.ca\/wp-content\/uploads\/2026\/02\/Application-form_EN_Revised_v6.pdf\" data-type=\"attachment\" data-id=\"3171\" target=\"_blank\" rel=\"noreferrer noopener\">formulaire de demande de logement social<\/a>. Vous pouvez obtenir le formulaire en le t\u00e9l\u00e9chargeant \u00e0 partir de ce lien ou en vous rendant dans votre bureau local de l\u2019OHN. Une fois le formulaire rempli, signez-le et amenez-le \u00e0 votre bureau local de l&rsquo;OHN avec les documents requis :<\/p>\n\n\n\n<ul class=\"wp-block-list\">\n<li>Deux pi\u00e8ces d&rsquo;identit\u00e9 pour le demandeur et le codemandeur (p. ex. carte de b\u00e9n\u00e9ficiaire, num\u00e9ro d&rsquo;assurance sociale, carte d&rsquo;assurance-maladie, permis de conduire).<\/li>\n\n\n\n<li>Le plus r\u00e9cent avis de cotisation de Revenu Qu\u00e9bec pour le demandeur et le codemandeur.<\/li>\n\n\n\n<li>Au besoin, toute lettre de recommandation pour votre demande (par exemple, d&rsquo;un professionnel de la sant\u00e9, d&rsquo;un travailleur social, etc.).<\/li>\n<\/ul>\n\n\n\n<div class=\"wp-block-group encadre-section-bleu is-layout-constrained wp-block-group-is-layout-constrained\">\n<h4 class=\"wp-block-heading\">Liste d&rsquo;admissibilit\u00e9<\/h4>\n\n\n\n<p>Les demandeurs seront inscrits sur la liste d&rsquo;attente pour un logement et recevront un num\u00e9ro de confirmation ainsi qu&rsquo;un rang. La liste de s\u00e9lection est mise \u00e0 jour tous les mois. Cependant, comme l&rsquo;Office d\u2019habitation du Nunavik accepte des demandes en permanence, votre place sur la liste d&rsquo;attente peut progresser ou r\u00e9gresser en fonction des nouvelles demandes re\u00e7ues. Lorsqu&rsquo;un logement se lib\u00e8re, il est attribu\u00e9 par le comit\u00e9 d\u2019habitation local en fonction du classement actuel. Apr\u00e8s chaque r\u00e9union de ce comit\u00e9, la liste est mise \u00e0 jour, ce qui vous permet de voir votre progression sur la liste.    <\/p>\n\n\n\n<p>Vous pouvez <a href=\"https:\/\/nunavikhb.ca\/fr\/verifier-votre-rang\/\" data-type=\"page\" data-id=\"309\">consulter la liste d\u2019admissibilit\u00e9<\/a> pour conna\u00eetre votre rang en vous rendant \u00e0 votre bureau local de l\u2019OHN ou en utilisant le moteur de recherche. Tout ce dont vous avez besoin, c\u2019est de votre num\u00e9ro, qui se trouve sur votre lettre d\u2019admissibilit\u00e9. <\/p>\n\n\n\n<p>Veuillez noter que vous devez nous informer de tout changement dans la situation de votre m\u00e9nage, par exemple :<\/p>\n\n\n\n<ul class=\"wp-block-list\">\n<li>nouvelle adresse ou nouveau num\u00e9ro de t\u00e9l\u00e9phone;<\/li>\n\n\n\n<li>changement dans la composition du m\u00e9nage (par exemple : naissance, d\u00e9c\u00e8s, d\u00e9part ou arriv\u00e9e d&rsquo;un nouveau membre);<\/li>\n\n\n\n<li>modification de vos revenus.<\/li>\n<\/ul>\n\n\n\n<p>Pour mettre \u00e0 jour votre demande, veuillez vous adresser \u00e0 votre g\u00e9rant d&rsquo;habitation local.<\/p>\n<\/div>\n\n\n\n<div class=\"wp-block-group has-vert-color has-text-color has-link-color wp-elements-b6db5e5b91270edd4142a49c949bb356 is-layout-constrained wp-block-group-is-layout-constrained\">\n<h4 class=\"wp-block-heading\">Comit\u00e9 d&rsquo;habitation local<\/h4>\n\n\n\n<p>Le comit\u00e9 d&rsquo;habitation local a pour mission d&rsquo;examiner les demandes et de formuler des recommandations au service \u00e0 la client\u00e8le de l\u2019OHN en ce qui concerne la s\u00e9lection des nouveaux locataires et le relogement de ceux qui occupent d\u00e9j\u00e0 une unit\u00e9. En outre, le comit\u00e9 \u00e9met des suggestions pour am\u00e9liorer les conditions de logement social au sein de la communaut\u00e9. Compos\u00e9 de cinq membres, le comit\u00e9 se r\u00e9unit presque tous les mois, \u00e0 raison d&rsquo;un minimum de huit r\u00e9unions par an, et se rassemble en outre lors de circonstances particuli\u00e8res.  <\/p>\n\n\n\n<h4 class=\"wp-block-heading\">Normes d&rsquo;occupation des logements<\/h4>\n\n\n\n<p>Les unit\u00e9s de logement sont attribu\u00e9es selon des r\u00e8gles pr\u00e9cises en fonction de diff\u00e9rentes sous-cat\u00e9gories :<\/p>\n\n\n\n<ul class=\"wp-block-list\">\n<li>Occupation par une personne seule ou un couple : Un studio ou une unit\u00e9 d&rsquo;une chambre est r\u00e9serv\u00e9(e) \u00e0 une personne seule ou \u00e0 un couple.<\/li>\n\n\n\n<li>Mesures en faveur des personnes handicap\u00e9es : Une chambre suppl\u00e9mentaire est pr\u00e9vue pour une personne handicap\u00e9e si son \u00e9tat de sant\u00e9 ou les am\u00e9nagements n\u00e9cessaires ne lui permettent pas de partager une chambre.<\/li>\n\n\n\n<li>Membres du m\u00e9nage : Une chambre suppl\u00e9mentaire est attribu\u00e9e pour chaque membre suppl\u00e9mentaire du m\u00e9nage. Deux enfants de moins de 7 ans doivent partager une chambre. <\/li>\n\n\n\n<li>Partage entre personnes du m\u00eame sexe : Deux personnes du m\u00eame sexe \u00e2g\u00e9es de 7 ans ou plus peuvent partager une chambre.<\/li>\n\n\n\n<li>Adolescents plus \u00e2g\u00e9s et couples : Les personnes \u00e2g\u00e9es de 16 ans ou plus, ainsi que leurs conjoints, se voient attribuer une chambre suppl\u00e9mentaire.<\/li>\n\n\n\n<li>Garde partag\u00e9e : Une chambre est ajout\u00e9e si un enfant en garde partag\u00e9e r\u00e9side dans le m\u00e9nage au moins 40 % du temps.<\/li>\n\n\n\n<li>Placement judiciaire : Une chambre suppl\u00e9mentaire est attribu\u00e9e si un enfant faisant l&rsquo;objet d&rsquo;une ordonnance de placement judiciaire r\u00e9side dans le m\u00e9nage pendant plus d&rsquo;un an.<\/li>\n\n\n\n<li>Foyer d&rsquo;accueil de d\u00e9pannage : Si les services sociaux certifient que le m\u00e9nage est une famille d&rsquo;accueil de d\u00e9pannage, une chambre suppl\u00e9mentaire est mise \u00e0 la disposition du m\u00e9nage. La certification doit \u00eatre confirm\u00e9e chaque ann\u00e9e avant le 1er juillet aupr\u00e8s de l\u2019OHN. L\u2019incapacit\u00e9 de d\u00e9montrer la certification ou la perte de la certification entra\u00eene un relogement en vertu de l&rsquo;article 1990 du Code civil du Qu\u00e9bec.  <br><br><strong>Remarque:<\/strong> une seule chambre suppl\u00e9mentaire est autoris\u00e9e en vertu des r\u00e8gles relatives au placement judiciaire et au foyer d&rsquo;accueil de d\u00e9pannage.<br><br><\/li>\n\n\n\n<li>Droits de relogement : En vertu de l&rsquo;article 1990 du Code civil du Qu\u00e9bec, l&rsquo;Office d\u2019habitation du Nunavik peut reloger les locataires dans une cat\u00e9gorie de logement plus appropri\u00e9e moyennant un pr\u00e9avis de trois mois. Les locataires disposent d&rsquo;un mois \u00e0 compter de la r\u00e9ception de l&rsquo;avis pour faire appel de cette d\u00e9cision devant les tribunaux. <\/li>\n<\/ul>\n\n\n\n<h4 class=\"wp-block-heading\">Attribution de logements<\/h4>\n\n\n\n<p>Lorsqu&rsquo;un logement est attribu\u00e9 \u00e0 un demandeur, le g\u00e9rant d&rsquo;habitation l&rsquo;aide \u00e0 remplir le bail et les formulaires n\u00e9cessaires. Une fois que le logement est pr\u00eat, le g\u00e9rant d&rsquo;habitation local communique avec le locataire pour organiser une visite, au cours de laquelle les cl\u00e9s lui sont remises. <\/p>\n<\/div>\n<\/div>\n<\/div>\n\n\n\n<div class=\"wp-block-group has-background is-layout-constrained wp-block-group-is-layout-constrained\" style=\"background-color:#fde9e0\">\n<div class=\"wp-block-group contenu-page-1280px is-layout-constrained wp-block-group-is-layout-constrained\">\n<div class=\"wp-block-group gp-titres-custom is-nowrap is-layout-flex wp-container-core-group-is-layout-ad2f72ca wp-block-group-is-layout-flex\">\n<h3 class=\"wp-block-heading titres-custom-rouge\" id=\"ancre-ranking\">Classement<\/h3>\n\n\n\n<div class=\"wp-block-group titres-lignes-custom-rouge is-layout-constrained wp-block-group-is-layout-constrained\"><\/div>\n\n\n\n<figure class=\"wp-block-image size-full titres-img-custom-orange\"><img loading=\"lazy\" decoding=\"async\" width=\"99\" height=\"87\" src=\"https:\/\/nunavikhb.ca\/wp-content\/uploads\/2024\/07\/triangle-rouge.png\" alt=\"\" class=\"wp-image-459\"\/><\/figure>\n<\/div>\n\n\n\n<div class=\"wp-block-group encadre-section-rouge is-layout-constrained wp-block-group-is-layout-constrained\">\n<p>Le classement repose sur des crit\u00e8res et un syst\u00e8me de notation \u00e9tablis par le <a href=\"\/wp-content\/uploads\/2024\/09\/2024-Directive-concerning-the-Allocation-of-Housing-units.pdf\" target=\"_blank\" rel=\"noreferrer noopener\">R\u00e8glement sur les conditions de location des logements \u00e0 loyer modique du Nunavik <\/a>. Il est appliqu\u00e9 par le conseil d&rsquo;administration de l&rsquo;Office d\u2019habitation du Nunavik et la Soci\u00e9t\u00e9 d&rsquo;habitation du Qu\u00e9bec. <\/p>\n\n\n\n<p>Ces crit\u00e8res englobent le revenu du m\u00e9nage, le nombre de personnes \u00e0 charge et les conditions de surpeuplement. Plusieurs autres crit\u00e8res sont pris en compte pour d\u00e9terminer l&rsquo;admissibilit\u00e9 d&rsquo;un locataire et sa priorit\u00e9 sur la liste d&rsquo;attente. <\/p>\n\n\n\n<p>Vous pouvez <a href=\"https:\/\/nunavikhb.ca\/fr\/verifier-votre-rang\/\" data-type=\"page\" data-id=\"309\">consulter la liste d\u2019admissibilit\u00e9<\/a> pour conna\u00eetre votre rang en vous rendant \u00e0 votre bureau local de l\u2019OHN ou en utilisant le moteur de recherche. Tout ce dont vous avez besoin, c\u2019est de votre num\u00e9ro, qui se trouve sur votre lettre d\u2019admissibilit\u00e9. <\/p>\n<\/div>\n<\/div>\n<\/div>\n<\/div>\n","protected":false},"excerpt":{"rendered":"<p>Demandeurs Crit\u00e8res de s\u00e9lection Pr\u00e9senterune demande Classement Parcimmobilier Crit\u00e8res de s\u00e9lection Crit\u00e8res pour devenir locataire de l&rsquo;OHN : Pr\u00e9senter une demande Remplir le formulaire de demande de logement social. Vous pouvez obtenir le formulaire en le t\u00e9l\u00e9chargeant \u00e0 partir de ce lien ou en vous rendant dans votre bureau local de l\u2019OHN. Une fois le [&hellip;]<\/p>\n","protected":false},"author":1,"featured_media":0,"parent":0,"menu_order":0,"comment_status":"closed","ping_status":"closed","template":"","meta":{"_acf_changed":false,"footnotes":""},"class_list":["post-2185","page","type-page","status-publish","hentry"],"acf":[],"_links":{"self":[{"href":"https:\/\/nunavikhb.ca\/fr\/wp-json\/wp\/v2\/pages\/2185","targetHints":{"allow":["GET"]}}],"collection":[{"href":"https:\/\/nunavikhb.ca\/fr\/wp-json\/wp\/v2\/pages"}],"about":[{"href":"https:\/\/nunavikhb.ca\/fr\/wp-json\/wp\/v2\/types\/page"}],"author":[{"embeddable":true,"href":"https:\/\/nunavikhb.ca\/fr\/wp-json\/wp\/v2\/users\/1"}],"replies":[{"embeddable":true,"href":"https:\/\/nunavikhb.ca\/fr\/wp-json\/wp\/v2\/comments?post=2185"}],"version-history":[{"count":18,"href":"https:\/\/nunavikhb.ca\/fr\/wp-json\/wp\/v2\/pages\/2185\/revisions"}],"predecessor-version":[{"id":3175,"href":"https:\/\/nunavikhb.ca\/fr\/wp-json\/wp\/v2\/pages\/2185\/revisions\/3175"}],"wp:attachment":[{"href":"https:\/\/nunavikhb.ca\/fr\/wp-json\/wp\/v2\/media?parent=2185"}],"curies":[{"name":"wp","href":"https:\/\/api.w.org\/{rel}","templated":true}]}}