{"id":2202,"date":"2024-04-23T10:35:44","date_gmt":"2024-04-23T14:35:44","guid":{"rendered":"https:\/\/www.kativik.cogiweb.com\/programs\/"},"modified":"2025-08-14T17:33:00","modified_gmt":"2025-08-14T21:33:00","slug":"programmes","status":"publish","type":"page","link":"https:\/\/nunavikhb.ca\/fr\/programmes\/","title":{"rendered":"Programmes"},"content":{"rendered":"\n<div class=\"wp-block-group hero-pages-secondaires is-layout-constrained wp-block-group-is-layout-constrained\">\n<figure class=\"wp-block-image size-full hero-pages-secondaires-img\"><img loading=\"lazy\" decoding=\"async\" width=\"1920\" height=\"470\" src=\"https:\/\/nunavikhb.ca\/wp-content\/uploads\/2024\/08\/hero-programs.png\" alt=\"\" class=\"wp-image-1033\" srcset=\"https:\/\/nunavikhb.ca\/wp-content\/uploads\/2024\/08\/hero-programs.png 1920w, https:\/\/nunavikhb.ca\/wp-content\/uploads\/2024\/08\/hero-programs-300x73.png 300w, https:\/\/nunavikhb.ca\/wp-content\/uploads\/2024\/08\/hero-programs-1024x251.png 1024w, https:\/\/nunavikhb.ca\/wp-content\/uploads\/2024\/08\/hero-programs-768x188.png 768w, https:\/\/nunavikhb.ca\/wp-content\/uploads\/2024\/08\/hero-programs-1536x376.png 1536w\" sizes=\"auto, (max-width: 1920px) 100vw, 1920px\" \/><\/figure>\n\n\n\n<h1 class=\"wp-block-heading hero-pages-secondaires-title\">Programmes<\/h1>\n<\/div>\n\n\n\n<div class=\"wp-block-group conteneur-pastilles-pSecondaires has-background is-layout-constrained wp-block-group-is-layout-constrained\" style=\"background-color:#e0f3ff\">\n<div class=\"wp-block-group gp-pastilles-pSecondaires is-layout-constrained wp-block-group-is-layout-constrained\">\n<div class=\"wp-block-columns cols-pastilles-pSecondaires is-layout-flex wp-container-core-columns-is-layout-af6ffed4 wp-block-columns-is-layout-flex\" style=\"margin-top:var(--wp--preset--spacing--70);margin-bottom:var(--wp--preset--spacing--70)\">\n<div class=\"wp-block-column pastilles-accueil_col is-layout-flow wp-block-column-is-layout-flow\">\n<figure class=\"wp-block-image aligncenter size-full is-resized img-pastilles-pSecondaires\"><a href=\"#ancre-pivallianiq\"><img decoding=\"async\" src=\"https:\/\/nunavikhb.ca\/wp-content\/uploads\/2024\/08\/Pivallianiq.svg\" alt=\"\" class=\"wp-image-1144\" style=\"object-fit:contain;width:undefinedpx;height:120px\"\/><\/a><\/figure>\n\n\n\n<p class=\"has-text-align-center texte-pastilles-pSecondaires has-text-color has-link-color has-medium-font-size wp-elements-b5769006470d21ed7a9110e7f38cba12\" style=\"color:#1d3e39\"><a href=\"#ancre-pivallianiq\">Pivallianiq<\/a><\/p>\n<\/div>\n\n\n\n<div class=\"wp-block-column pastilles-accueil_col is-layout-flow wp-block-column-is-layout-flow\">\n<figure class=\"wp-block-image aligncenter size-full is-resized img-pastilles-pSecondaires\"><a href=\"#ancre-pay-your-rent\"><img decoding=\"async\" src=\"https:\/\/nunavikhb.ca\/wp-content\/uploads\/2024\/08\/Pay-Your-Rent.svg\" alt=\"\" class=\"wp-image-1141\" style=\"object-fit:contain;width:undefinedpx;height:120px\"\/><\/a><\/figure>\n\n\n\n<p class=\"has-text-align-center texte-pastilles-pSecondaires has-text-color has-link-color has-medium-font-size wp-elements-2269d9e0eac1ff6e6e350af4fa14cac2\" style=\"color:#1d3e39\"><a href=\"#ancre-pay-your-rent\">Payez votre<br>loyer<\/a><\/p>\n<\/div>\n\n\n\n<div class=\"wp-block-column pastilles-accueil_col is-layout-flow wp-block-column-is-layout-flow\">\n<figure class=\"wp-block-image aligncenter size-full is-resized img-pastilles-pSecondaires\"><a href=\"#ancre-well-at-home\"><img decoding=\"async\" src=\"https:\/\/nunavikhb.ca\/wp-content\/uploads\/2024\/08\/Well-at-Home.svg\" alt=\"\" class=\"wp-image-1090\" style=\"object-fit:contain;width:undefinedpx;height:120px\"\/><\/a><\/figure>\n\n\n\n<p class=\"has-text-align-center texte-pastilles-pSecondaires has-text-color has-link-color has-medium-font-size wp-elements-8f424f08cadb927789c623081dd4487e\" style=\"color:#1d3e39\"><a href=\"#ancre-well-at-home\">Bien chez<br>soi<\/a><\/p>\n<\/div>\n\n\n\n<div class=\"wp-block-column pastilles-accueil_col is-layout-flow wp-block-column-is-layout-flow\">\n<figure class=\"wp-block-image aligncenter size-full is-resized img-pastilles-pSecondaires\"><a href=\"#ancre-home-ownership\"><img decoding=\"async\" src=\"https:\/\/nunavikhb.ca\/wp-content\/uploads\/2024\/08\/Home-Ownership.svg\" alt=\"\" class=\"wp-image-1126\" style=\"object-fit:contain;width:undefinedpx;height:120px\"\/><\/a><\/figure>\n\n\n\n<p class=\"has-text-align-center texte-pastilles-pSecondaires has-text-color has-link-color has-medium-font-size wp-elements-adc46e4b88a0e4249181140e5d56eeff\" style=\"color:#1d3e39\"><a href=\"#ancre-home-ownership\">Devenir propri\u00e9taire <\/a><\/p>\n<\/div>\n<\/div>\n<\/div>\n<\/div>\n\n\n\n<div class=\"wp-block-group is-layout-constrained wp-container-core-group-is-layout-70165e62 wp-block-group-is-layout-constrained\">\n<div class=\"wp-block-group has-background is-layout-constrained wp-block-group-is-layout-constrained\" style=\"background-color:#ffe5c7\">\n<div class=\"wp-block-group contenu-page-1280px is-layout-constrained wp-block-group-is-layout-constrained\">\n<div class=\"wp-block-group gp-titres-custom is-nowrap is-layout-flex wp-container-core-group-is-layout-ad2f72ca wp-block-group-is-layout-flex\">\n<h3 class=\"wp-block-heading titres-custom-orange\" id=\"ancre-pivallianiq\">Pivallianiq<\/h3>\n\n\n\n<div class=\"wp-block-group titres-lignes-custom-orange is-layout-constrained wp-block-group-is-layout-constrained\"><\/div>\n\n\n\n<figure class=\"wp-block-image size-full titres-img-custom-orange\"><img loading=\"lazy\" decoding=\"async\" width=\"99\" height=\"87\" src=\"https:\/\/nunavikhb.ca\/wp-content\/uploads\/2024\/07\/triangle-orange.png\" alt=\"\" class=\"wp-image-389\"\/><\/figure>\n<\/div>\n\n\n\n<div class=\"wp-block-group encadre-section-orange is-layout-constrained wp-block-group-is-layout-constrained\">\n<h4 class=\"wp-block-heading\"><strong>Pacte pour une vie meilleure<\/strong> au Nunavik<\/h4>\n\n\n\n<p>Pivallianiq, qui signifie changement positif en inuktitut, est un programme phare mis en \u0153uvre dans les 14 communaut\u00e9s du Nunavik. Ce programme, qui constitue une priorit\u00e9 absolue pour l&rsquo;OHN, comporte des initiatives de sensibilisation, d&rsquo;information et de politique visant \u00e0 entretenir les logements et les \u00e9quipements, \u00e0 r\u00e9duire le vandalisme par la participation des jeunes et \u00e0 am\u00e9liorer les conditions de vie des habitants du Nunavik. <\/p>\n<\/div>\n\n\n\n<div class=\"wp-block-group has-vert-color has-text-color has-link-color wp-elements-1d7ef893a88dc0432c0e6ea39271cd7f is-layout-constrained wp-block-group-is-layout-constrained\">\n<h4 class=\"wp-block-heading\">Pour am\u00e9liorer la qualit\u00e9 de vie, il faut :<\/h4>\n\n\n\n<ul class=\"wp-block-list\">\n<li>De l\u2019engagement : Les gestes individuels favorisent la cr\u00e9ation d&rsquo;un mouvement communautaire ax\u00e9 sur l&#8217;embellissement du milieu de vie.<\/li>\n\n\n\n<li>De l\u2019imputabilit\u00e9 : Assumer la responsabilit\u00e9 du bien lou\u00e9 en l&rsquo;entretenant correctement et en payant son loyer \u00e0 temps.<\/li>\n\n\n\n<li>Un souci de pr\u00e9servation : Conserver l&rsquo;eau et l&rsquo;\u00e9nergie et prot\u00e9ger le d\u00e9licat \u00e9cosyst\u00e8me nordique.<\/li>\n\n\n\n<li>Du respect : Reconna\u00eetre la valeur des biens et des personnes et penser aux g\u00e9n\u00e9rations futures qui h\u00e9riteront de nos ressources.<\/li>\n\n\n\n<li>Un transfert des connaissances : Enseigner les comp\u00e9tences, les exp\u00e9riences et les pratiques en mati\u00e8re d&rsquo;entretien aux jeunes g\u00e9n\u00e9rations et aux pairs.<\/li>\n<\/ul>\n<\/div>\n<\/div>\n<\/div>\n\n\n\n<div class=\"wp-block-group has-background is-layout-constrained wp-block-group-is-layout-constrained\" style=\"background-color:#e0f3ff\">\n<div class=\"wp-block-group contenu-page-1280px is-layout-constrained wp-block-group-is-layout-constrained\">\n<div class=\"wp-block-group gp-titres-custom is-nowrap is-layout-flex wp-container-core-group-is-layout-ad2f72ca wp-block-group-is-layout-flex\">\n<h3 class=\"wp-block-heading titres-custom-bleu\" id=\"ancre-pay-your-rent\">Payez votre loyer<\/h3>\n\n\n\n<div class=\"wp-block-group titres-lignes-custom-bleu is-layout-constrained wp-block-group-is-layout-constrained\"><\/div>\n\n\n\n<figure class=\"wp-block-image size-full titres-img-custom-orange\"><img loading=\"lazy\" decoding=\"async\" width=\"99\" height=\"87\" src=\"https:\/\/nunavikhb.ca\/wp-content\/uploads\/2024\/07\/triangle-bleu.png\" alt=\"\" class=\"wp-image-442\"\/><\/figure>\n<\/div>\n\n\n\n<h4 class=\"wp-block-heading\">Aper\u00e7u de l&rsquo;initiative<\/h4>\n\n\n\n<p>La campagne \u00ab Payez votre loyer \u00bb est con\u00e7ue pour encourager les locataires \u00e0 payer leur loyer \u00e0 temps, en favorisant une culture de responsabilit\u00e9 financi\u00e8re et de soutien communautaire. Cette initiative est essentielle pour garantir la p\u00e9rennit\u00e9 et l&rsquo;efficacit\u00e9 de nos services d&rsquo;habitation, tant pour les locataires que pour l&rsquo;ensemble de la communaut\u00e9. <\/p>\n\n\n\n<h4 class=\"wp-block-heading\">Port\u00e9e de la campagne<\/h4>\n\n\n\n<p>Cette campagne s&rsquo;adresse \u00e0 tous les locataires de notre r\u00e9seau de logement, et plus particuli\u00e8rement \u00e0 ceux qui ont \u00e9prouv\u00e9 des difficult\u00e9s \u00e0 payer r\u00e9guli\u00e8rement leur loyer. Notre objectif est de leur fournir les ressources et les mesures incitatives n\u00e9cessaires pour qu&rsquo;ils puissent s&rsquo;acquitter de leurs obligations. <\/p>\n\n\n\n<div class=\"wp-block-group encadre-section-bleu is-layout-constrained wp-block-group-is-layout-constrained\">\n<h3 class=\"wp-block-heading\">Objectifs<\/h3>\n\n\n\n<ul class=\"wp-block-list li-padding-left-20\">\n<li>Accro\u00eetre la sensibilisation : Expliquer aux locataires l&rsquo;importance de payer leur loyer dans les d\u00e9lais et les effets directs sur la qualit\u00e9 des services d\u2019habitation offerts.<\/li>\n\n\n\n<li>Fournir un soutien : Offrir des conseils et de l&rsquo;aide aux locataires confront\u00e9s \u00e0 des difficult\u00e9s financi\u00e8res, notamment en mati\u00e8re de planification budg\u00e9taire et de consultation financi\u00e8re.<\/li>\n\n\n\n<li>Encourager le respect des r\u00e8gles : Mettre en place une s\u00e9rie de mesures incitatives, y compris des r\u00e9ductions et des r\u00e9compenses, pour les locataires qui paient r\u00e9guli\u00e8rement leur loyer \u00e0 temps.<\/li>\n\n\n\n<li>R\u00e9duire les arri\u00e9r\u00e9s : Chercher \u00e0 diminuer de mani\u00e8re significative le pourcentage de loyers impay\u00e9s pour l&rsquo;ensemble de notre portefeuille de logements.<\/li>\n<\/ul>\n<\/div>\n\n\n\n<h4 class=\"wp-block-heading\">Faire le lien avec les r\u00e9compenses<\/h4>\n\n\n\n<p>Dans le cadre de cette campagne, nous lan\u00e7ons plusieurs offres de r\u00e9duction, des prix ou des cadeaux pour r\u00e9compenser les locataires qui paient leur loyer \u00e0 temps. Ces offres ont pour but d&rsquo;apporter un all\u00e9gement financier et de fournir un \u00e9l\u00e9ment de motivation afin que les locataires aient plus de facilit\u00e9 et d&rsquo;int\u00e9r\u00eat \u00e0 respecter leurs \u00e9ch\u00e9ances de loyer. Les remises seront \u00e9chelonn\u00e9es en fonction de la r\u00e9gularit\u00e9 des paiements, et des r\u00e9compenses plus importantes seront accord\u00e9es pour le respect \u00e0 long terme des calendriers de paiement.  <\/p>\n\n\n\n<h4 class=\"wp-block-heading\">R\u00e9sultats de l&rsquo;initiative de 2023<\/h4>\n\n\n\n<p>En nous appuyant sur les succ\u00e8s et les le\u00e7ons tir\u00e9es de notre campagne 2023, qui a vu une nette am\u00e9lioration des ratios de paiement et de l&rsquo;engagement des locataires, nous red\u00e9finissons notre approche pour obtenir des r\u00e9sultats encore plus probants. Les donn\u00e9es de 2023 ont r\u00e9v\u00e9l\u00e9 que les locataires r\u00e9agissent positivement aux mesures d&rsquo;incitation structur\u00e9es et \u00e0 une communication claire, ce qui sera au c\u0153ur de la campagne de cette ann\u00e9e. <\/p>\n\n\n\n<h4 class=\"wp-block-heading\">Appel \u00e0 l&rsquo;action<\/h4>\n\n\n\n<p>Nous encourageons tous les locataires \u00e0 profiter du soutien et des mesures incitatives propos\u00e9es dans le cadre de la campagne \u00ab\u00a0Payez votre loyer\u00a0\u00bb. Ensemble, nous pouvons contribuer \u00e0 la stabilit\u00e9 et \u00e0 la prosp\u00e9rit\u00e9 d&rsquo;une communaut\u00e9 o\u00f9 chacun a acc\u00e8s \u00e0 un logement s\u00e9curitaire et abordable. <\/p>\n\n\n\n<div class=\"wp-block-group has-vert-color has-text-color has-link-color wp-elements-9f5894e334bdf1a31dbb0d12014454f6 is-layout-constrained wp-block-group-is-layout-constrained\"><\/div>\n<\/div>\n<\/div>\n\n\n\n<div class=\"wp-block-group has-background is-layout-constrained wp-block-group-is-layout-constrained\" style=\"background-color:#fde9e0\">\n<div class=\"wp-block-group contenu-page-1280px is-layout-constrained wp-block-group-is-layout-constrained\">\n<div class=\"wp-block-group gp-titres-custom is-nowrap is-layout-flex wp-container-core-group-is-layout-ad2f72ca wp-block-group-is-layout-flex\">\n<h3 class=\"wp-block-heading titres-custom-rouge\" id=\"ancre-well-at-home\">Bien chez soi<\/h3>\n\n\n\n<div class=\"wp-block-group titres-lignes-custom-rouge is-layout-constrained wp-block-group-is-layout-constrained\"><\/div>\n\n\n\n<figure class=\"wp-block-image size-full titres-img-custom-orange\"><img loading=\"lazy\" decoding=\"async\" width=\"99\" height=\"87\" src=\"https:\/\/nunavikhb.ca\/wp-content\/uploads\/2024\/07\/triangle-rouge.png\" alt=\"\" class=\"wp-image-459\"\/><\/figure>\n<\/div>\n\n\n\n<div class=\"wp-block-group encadre-section-rouge is-layout-constrained wp-block-group-is-layout-constrained\">\n<p>Le sondage \u00ab Bien chez soi \u00bb est une initiative inclusive con\u00e7ue pour inciter les locataires \u00e0 \u00e9valuer leurs espaces de vie et \u00e0 d\u00e9finir leurs besoins. Pour en savoir plus, visitez le <a href=\"https:\/\/wellathome.kmhb.ca\/indexfr.html\" target=\"_blank\" rel=\"noreferrer noopener\">site de l&rsquo;initiative.<\/a> <\/p>\n<\/div>\n<\/div>\n<\/div>\n\n\n\n<div class=\"wp-block-group has-background is-layout-constrained wp-block-group-is-layout-constrained\" style=\"background-color:#e0f3ff\">\n<div class=\"wp-block-group contenu-page-1280px is-layout-constrained wp-block-group-is-layout-constrained\">\n<div class=\"wp-block-group gp-titres-custom is-nowrap is-layout-flex wp-container-core-group-is-layout-ad2f72ca wp-block-group-is-layout-flex\">\n<h3 class=\"wp-block-heading titres-custom-bleu\" id=\"ancre-home-ownership\">Devenir propri\u00e9taire<\/h3>\n\n\n\n<div class=\"wp-block-group titres-lignes-custom-bleu is-layout-constrained wp-block-group-is-layout-constrained\"><\/div>\n\n\n\n<figure class=\"wp-block-image size-full titres-img-custom-orange\"><img loading=\"lazy\" decoding=\"async\" width=\"99\" height=\"87\" src=\"https:\/\/nunavikhb.ca\/wp-content\/uploads\/2024\/07\/triangle-bleu.png\" alt=\"\" class=\"wp-image-442\"\/><\/figure>\n<\/div>\n\n\n\n<p>Le programme favorisant l\u2019accession \u00e0 la propri\u00e9t\u00e9 et la r\u00e9novation r\u00e9sidentielle dans la r\u00e9gion Kativik\u00e9 est con\u00e7u pour am\u00e9liorer les conditions de logement dans les villages du Nord et faciliter l&rsquo;accession \u00e0 la propri\u00e9t\u00e9. Le programme comprend divers volets :<\/p>\n\n\n\n<ul class=\"wp-block-list\">\n<li>Formation et soutien : Renseigne les m\u00e9nages sur l&rsquo;achat, la gestion et l&rsquo;entretien des biens immobiliers.<\/li>\n\n\n\n<li>Aide \u00e0 l&rsquo;achat et \u00e0 la construction : Permet aux particuliers d&rsquo;acheter ou de construire des logements \u00e0 des co\u00fbts raisonnables.<\/li>\n\n\n\n<li>Aide \u00e0 la r\u00e9novation : Propose une aide financi\u00e8re aux propri\u00e9taires souhaitant r\u00e9nover leur habitation.<\/li>\n\n\n\n<li>Aide \u00e0 l&rsquo;occupation : Aide \u00e0 couvrir les frais courants tels que les taxes municipales et les primes d&rsquo;assurance habitation.<\/li>\n<\/ul>\n\n\n\n<div class=\"wp-block-group encadre-section-bleu is-layout-constrained wp-block-group-is-layout-constrained\">\n<h4 class=\"wp-block-heading\">Crit\u00e8res d&rsquo;admissibilit\u00e9:<\/h4>\n\n\n\n<p>Ce programme est offert aux habitants de la r\u00e9gion du Nunavik \u00e2g\u00e9s de 18 ans et plus et y r\u00e9sidant depuis au moins un an, ou aux Inuits b\u00e9n\u00e9ficiaires de la Convention de la Baie-James et du Nord qu\u00e9b\u00e9cois. Aux coop\u00e9ratives et organisations \u00e0 but non lucratif ayant leur si\u00e8ge social au Nunavik et poss\u00e9dant des unit\u00e9s r\u00e9sidentielles, dans le cadre du programme, \u00e0 l&rsquo;intention des r\u00e9sidents non salari\u00e9s. <\/p>\n<\/div>\n\n\n\n<div class=\"wp-block-group has-vert-color has-text-color has-link-color wp-elements-364b9bff345817e632c30832e2de2f56 is-layout-constrained wp-block-group-is-layout-constrained\">\n<h4 class=\"wp-block-heading\">Pr\u00e9cisions sur l&rsquo;aide financi\u00e8re:<\/h4>\n\n\n\n<ul class=\"wp-block-list\">\n<li>Achat et construction : L&rsquo;aide repr\u00e9sente 75 % du co\u00fbt \u00e9tabli pour la construction d&rsquo;un logement, avec une bonification de l&rsquo;aide dans les villages isol\u00e9s. Pour les organisations \u00e0 but non lucratif ou les coop\u00e9ratives de logement, l&rsquo;aide est de 90 %. <\/li>\n<\/ul>\n\n\n\n<figure class=\"wp-block-table tableaux-customs tableaux-customs-bleus\"><table><thead><tr><th>Type d&rsquo;unit\u00e9 r\u00e9sidentielle<\/th><th>Co\u00fbt maximal reconnu<\/th><th>Subvention<\/th><\/tr><\/thead><tbody><tr><td>Chambre<\/td><td>430 000 $<\/td><td>322 500 $<\/td><\/tr><tr><td>Studio<\/td><td>510 000 $<\/td><td>382 500 $<\/td><\/tr><tr><td>1 chambre<\/td><td>570 000 $<\/td><td>427 500 $<\/td><\/tr><tr><td>2 chambres<\/td><td>660 000 $<\/td><td>495 000 $<\/td><\/tr><tr><td>3 chambres<\/td><td>700 000 $<\/td><td>525 000 $<\/td><\/tr><tr><td>4 chambres<\/td><td>740 000 $<\/td><td>555 000 $<\/td><\/tr><tr><td>5 chambres<\/td><td>790 000 $<\/td><td>592 500 $<\/td><\/tr><tr><td>6+ chambres<\/td><td>830 000 $<\/td><td>622 500 $<\/td><\/tr><\/tbody><\/table><figcaption class=\"wp-element-caption\"><em>Remarque : les donn\u00e9es pr\u00e9sent\u00e9es ci-dessus sont celles de l&rsquo;ann\u00e9e 2023.<\/em><\/figcaption><\/figure>\n\n\n\n<div style=\"height:20px\" aria-hidden=\"true\" class=\"wp-block-spacer\"><\/div>\n\n\n\n<p><a id=\"_msocom_1\"><\/a><\/p>\n\n\n\n<ul class=\"wp-block-list\">\n<li>Montants suppl\u00e9mentaires pour des villages particuliers : La subvention varie d&rsquo;un village \u00e0 l&rsquo;autre, en fonction de l&#8217;emplacement.<\/li>\n\n\n\n<li>Aide \u00e0 la r\u00e9novation : Couvre 50 % des co\u00fbts totaux de r\u00e9novation majeure jusqu&rsquo;\u00e0 concurrence de 87 500 $, avec un co\u00fbt de projet minimum de 20 000 $.<\/li>\n\n\n\n<li>Aide \u00e0 l&rsquo;occupation : Subvention de 75 % appliqu\u00e9e aux taxes municipales et de 30 % aux primes d&rsquo;assurance habitation. Cette aide peut \u00eatre accord\u00e9e pour un maximum de 15 ans et peut \u00eatre renouvel\u00e9e tous les cinq ans.<\/li>\n<\/ul>\n\n\n\n<h4 class=\"wp-block-heading\">B\u00e2timents admissibles<\/h4>\n\n\n\n<p>Les b\u00e2timents doivent \u00eatre \u00e0 vocation r\u00e9sidentielle ou partiellement r\u00e9sidentielle, \u00eatre conformes aux plans d&rsquo;urbanisme locaux et se situer dans l&rsquo;un des 14 villages nordiques.<\/p>\n<\/div>\n\n\n\n<div class=\"wp-block-group encadre-section-bleu is-layout-constrained wp-block-group-is-layout-constrained\">\n<p>Ce bref aper\u00e7u du programme fournit des informations essentielles sur les avantages, les crit\u00e8res d&rsquo;admissibilit\u00e9 et l&rsquo;aide financi\u00e8re afin d&rsquo;orienter les candidats potentiels vers les options qui s&rsquo;offrent \u00e0 eux en mati\u00e8re d&rsquo;accession \u00e0 la propri\u00e9t\u00e9 et d&rsquo;am\u00e9lioration de la qualit\u00e9 de vie au Nunavik.<\/p>\n\n\n\n<p>Pour vous inscrire au programme ou obtenir des informations \u00e0 son sujet, veuillez contacter l&rsquo;Office d&rsquo;habitation du Nunavik.<\/p>\n\n\n\n<p><a href=\"mailto:homeownership@nunavikhb.ca?subject=Demande%20d'information%20-%20HOP\" target=\"_blank\" rel=\"noreferrer noopener\">homeownership@nunavikhb.ca<\/a><\/p>\n\n\n\n<p><br>Ce projet est r\u00e9alis\u00e9 gr\u00e2ce \u00e0 l\u2019appui financier de la Soci\u00e9t\u00e9 d&rsquo;habitation du Qu\u00e9bec. <br><br><\/p>\n\n\n\n<figure class=\"wp-block-image size-full is-resized\"><img loading=\"lazy\" decoding=\"async\" width=\"872\" height=\"253\" src=\"https:\/\/nunavikhb.ca\/wp-content\/uploads\/2025\/08\/SHQ_Logo_blanc-1.png\" alt=\"\" class=\"wp-image-3047\" style=\"width:211px;height:auto\" srcset=\"https:\/\/nunavikhb.ca\/wp-content\/uploads\/2025\/08\/SHQ_Logo_blanc-1.png 872w, https:\/\/nunavikhb.ca\/wp-content\/uploads\/2025\/08\/SHQ_Logo_blanc-1-300x87.png 300w, https:\/\/nunavikhb.ca\/wp-content\/uploads\/2025\/08\/SHQ_Logo_blanc-1-768x223.png 768w\" sizes=\"auto, (max-width: 872px) 100vw, 872px\" \/><\/figure>\n<\/div>\n<\/div>\n<\/div>\n<\/div>\n\n\n\n<p><\/p>\n","protected":false},"excerpt":{"rendered":"<p>Programmes Pivallianiq Payez votreloyer Bien chezsoi Devenir propri\u00e9taire Pivallianiq Pacte pour une vie meilleure au Nunavik Pivallianiq, qui signifie changement positif en inuktitut, est un programme phare mis en \u0153uvre dans les 14 communaut\u00e9s du Nunavik. Ce programme, qui constitue une priorit\u00e9 absolue pour l&rsquo;OHN, comporte des initiatives de sensibilisation, d&rsquo;information et de politique visant [&hellip;]<\/p>\n","protected":false},"author":1,"featured_media":0,"parent":0,"menu_order":0,"comment_status":"closed","ping_status":"closed","template":"","meta":{"_acf_changed":false,"footnotes":""},"class_list":["post-2202","page","type-page","status-publish","hentry"],"acf":[],"_links":{"self":[{"href":"https:\/\/nunavikhb.ca\/fr\/wp-json\/wp\/v2\/pages\/2202","targetHints":{"allow":["GET"]}}],"collection":[{"href":"https:\/\/nunavikhb.ca\/fr\/wp-json\/wp\/v2\/pages"}],"about":[{"href":"https:\/\/nunavikhb.ca\/fr\/wp-json\/wp\/v2\/types\/page"}],"author":[{"embeddable":true,"href":"https:\/\/nunavikhb.ca\/fr\/wp-json\/wp\/v2\/users\/1"}],"replies":[{"embeddable":true,"href":"https:\/\/nunavikhb.ca\/fr\/wp-json\/wp\/v2\/comments?post=2202"}],"version-history":[{"count":8,"href":"https:\/\/nunavikhb.ca\/fr\/wp-json\/wp\/v2\/pages\/2202\/revisions"}],"predecessor-version":[{"id":3051,"href":"https:\/\/nunavikhb.ca\/fr\/wp-json\/wp\/v2\/pages\/2202\/revisions\/3051"}],"wp:attachment":[{"href":"https:\/\/nunavikhb.ca\/fr\/wp-json\/wp\/v2\/media?parent=2202"}],"curies":[{"name":"wp","href":"https:\/\/api.w.org\/{rel}","templated":true}]}}