{"id":2209,"date":"2024-04-23T10:35:55","date_gmt":"2024-04-23T14:35:55","guid":{"rendered":"https:\/\/www.kativik.cogiweb.com\/about\/"},"modified":"2026-02-25T09:48:36","modified_gmt":"2026-02-25T14:48:36","slug":"a-propos","status":"publish","type":"page","link":"https:\/\/nunavikhb.ca\/fr\/a-propos\/","title":{"rendered":"\u00c0 propos"},"content":{"rendered":"\n<div class=\"wp-block-group hero-pages-secondaires is-layout-constrained wp-block-group-is-layout-constrained\">\n<figure class=\"wp-block-image size-full hero-pages-secondaires-img\"><img loading=\"lazy\" decoding=\"async\" width=\"1920\" height=\"470\" src=\"https:\/\/nunavikhb.ca\/wp-content\/uploads\/2024\/08\/hero-about.png\" alt=\"\" class=\"wp-image-1012\" srcset=\"https:\/\/nunavikhb.ca\/wp-content\/uploads\/2024\/08\/hero-about.png 1920w, https:\/\/nunavikhb.ca\/wp-content\/uploads\/2024\/08\/hero-about-300x73.png 300w, https:\/\/nunavikhb.ca\/wp-content\/uploads\/2024\/08\/hero-about-1024x251.png 1024w, https:\/\/nunavikhb.ca\/wp-content\/uploads\/2024\/08\/hero-about-768x188.png 768w, https:\/\/nunavikhb.ca\/wp-content\/uploads\/2024\/08\/hero-about-1536x376.png 1536w\" sizes=\"auto, (max-width: 1920px) 100vw, 1920px\" \/><\/figure>\n\n\n\n<h1 class=\"wp-block-heading hero-pages-secondaires-title\">\u00c0 propos<\/h1>\n<\/div>\n\n\n\n<div class=\"wp-block-group conteneur-pastilles-about has-background is-layout-constrained wp-block-group-is-layout-constrained\" style=\"background-color:#e0f3ff\">\n<div class=\"wp-block-group gp-pastilles-pSecondaires-about is-layout-constrained wp-block-group-is-layout-constrained\">\n<div class=\"wp-block-columns is-not-stacked-on-mobile cols-pastilles-pSecondaires-about is-layout-flex wp-container-core-columns-is-layout-af6ffed4 wp-block-columns-is-layout-flex\" style=\"margin-top:var(--wp--preset--spacing--70);margin-bottom:var(--wp--preset--spacing--70)\">\n<div class=\"wp-block-column pastilles-accueil_col is-layout-flow wp-block-column-is-layout-flow\">\n<figure class=\"wp-block-image aligncenter size-full is-resized img-pastilles-pSecondaires-about\"><a href=\"#ancre-nunavik-housing-bureau\"><img decoding=\"async\" src=\"https:\/\/nunavikhb.ca\/wp-content\/uploads\/2024\/08\/About-us-1.svg\" alt=\"\" class=\"wp-image-1177\" style=\"object-fit:contain;width:undefinedpx;height:120px\"\/><\/a><\/figure>\n\n\n\n<p class=\"has-text-align-center texte-pastilles-pSecondaires has-text-color has-link-color has-medium-font-size wp-elements-443363289a8b74fe93580f6f01c9df95\" style=\"color:#1d3e39\"><a href=\"#ancre-nunavik-housing-bureau\">Office d&rsquo;habitation<br>du Nunavik<\/a><\/p>\n<\/div>\n\n\n\n<div class=\"wp-block-column pastilles-accueil_col is-layout-flow wp-block-column-is-layout-flow\">\n<figure class=\"wp-block-image aligncenter size-full is-resized img-pastilles-pSecondaires-about\"><a href=\"#ancre-governance\"><img decoding=\"async\" src=\"https:\/\/nunavikhb.ca\/wp-content\/uploads\/2024\/08\/Governance-1.svg\" alt=\"\" class=\"wp-image-1180\" style=\"object-fit:contain;width:undefinedpx;height:120px\"\/><\/a><\/figure>\n\n\n\n<p class=\"has-text-align-center texte-pastilles-pSecondaires has-text-color has-link-color has-medium-font-size wp-elements-5dd5330db070d868fa240afda51b5fa1\" style=\"color:#1d3e39\"><a href=\"#ancre-governance\">Gouvernance<\/a><\/p>\n<\/div>\n\n\n\n<div class=\"wp-block-column pastilles-accueil_col is-layout-flow wp-block-column-is-layout-flow\">\n<figure class=\"wp-block-image aligncenter size-full is-resized img-pastilles-pSecondaires-about\"><a href=\"#ancre-management-team\"><img decoding=\"async\" src=\"https:\/\/nunavikhb.ca\/wp-content\/uploads\/2024\/08\/Management-Team-2.svg\" alt=\"\" class=\"wp-image-1190\" style=\"object-fit:contain;width:undefinedpx;height:120px\"\/><\/a><\/figure>\n\n\n\n<p class=\"has-text-align-center texte-pastilles-pSecondaires has-text-color has-link-color has-medium-font-size wp-elements-dfc2436022bbf72c36423168863d87d6\" style=\"color:#1d3e39\"><a href=\"#ancre-management-team\">\u00c9quipe de<br>gestion<\/a><\/p>\n<\/div>\n<\/div>\n\n\n\n<div class=\"wp-block-columns is-not-stacked-on-mobile cols-pastilles-pSecondaires-about is-layout-flex wp-container-core-columns-is-layout-af6ffed4 wp-block-columns-is-layout-flex\" style=\"margin-top:var(--wp--preset--spacing--70);margin-bottom:var(--wp--preset--spacing--70)\">\n<div class=\"wp-block-column pastilles-accueil_col is-layout-flow wp-block-column-is-layout-flow\">\n<figure class=\"wp-block-image aligncenter size-full is-resized img-pastilles-pSecondaires-about\"><a href=\"https:\/\/nunavikhb.ca\/fr\/carrieres\/\"><img decoding=\"async\" src=\"https:\/\/nunavikhb.ca\/wp-content\/uploads\/2024\/08\/Career-1.svg\" alt=\"\" class=\"wp-image-1186\" style=\"object-fit:contain;width:undefinedpx;height:120px\"\/><\/a><\/figure>\n\n\n\n<p class=\"has-text-align-center texte-pastilles-pSecondaires has-text-color has-link-color has-medium-font-size wp-elements-161e1b103580cee2745025617f546dc3\" style=\"color:#1d3e39\"><a href=\"https:\/\/nunavikhb.ca\/fr\/carrieres\/\">Carri\u00e8res<\/a><\/p>\n<\/div>\n\n\n\n<div class=\"wp-block-column pastilles-accueil_col is-layout-flow wp-block-column-is-layout-flow\">\n<figure class=\"wp-block-image aligncenter size-full is-resized img-pastilles-pSecondaires-about\"><a href=\"https:\/\/nunavikhb.ca\/fr\/contact\/#contact-sponsorship-request\"><img decoding=\"async\" src=\"https:\/\/nunavikhb.ca\/wp-content\/uploads\/2024\/08\/Sponsorship.svg\" alt=\"\" class=\"wp-image-1153\" style=\"object-fit:contain;width:undefinedpx;height:120px\"\/><\/a><\/figure>\n\n\n\n<p class=\"has-text-align-center texte-pastilles-pSecondaires has-text-color has-link-color has-medium-font-size wp-elements-55185a1222829d78e7ae5d1502edf1b1\" style=\"color:#1d3e39\"><a href=\"https:\/\/nunavikhb.ca\/fr\/contact\/#contact-sponsorship-request\">Commanditaires<\/a><\/p>\n<\/div>\n\n\n\n<div class=\"wp-block-column pastilles-accueil_col is-layout-flow wp-block-column-is-layout-flow\">\n<figure class=\"wp-block-image aligncenter size-full is-resized img-pastilles-pSecondaires-about\"><a href=\"https:\/\/nunavikhb.ca\/fr\/news\/\"><img decoding=\"async\" src=\"https:\/\/nunavikhb.ca\/wp-content\/uploads\/2024\/08\/News.svg\" alt=\"\" class=\"wp-image-1138\" style=\"object-fit:contain;width:undefinedpx;height:120px\"\/><\/a><\/figure>\n\n\n\n<p class=\"has-text-align-center texte-pastilles-pSecondaires has-text-color has-link-color has-medium-font-size wp-elements-d941b509ae3bc395f6fa6474d9bf0daa\" style=\"color:#1d3e39\"><a href=\"https:\/\/nunavikhb.ca\/fr\/news\/\">Nouvelles<\/a><\/p>\n<\/div>\n<\/div>\n<\/div>\n<\/div>\n\n\n\n<div class=\"wp-block-group is-layout-constrained wp-container-core-group-is-layout-70165e62 wp-block-group-is-layout-constrained\">\n<div class=\"wp-block-group has-background is-layout-constrained wp-block-group-is-layout-constrained\" style=\"background-color:#ffe5c7\">\n<div class=\"wp-block-group contenu-page-1280px is-layout-constrained wp-block-group-is-layout-constrained\">\n<div class=\"wp-block-group gp-titres-custom is-nowrap is-layout-flex wp-container-core-group-is-layout-ad2f72ca wp-block-group-is-layout-flex\">\n<h3 class=\"wp-block-heading titres-custom-orange\" id=\"ancre-nunavik-housing-bureau\">Office d&rsquo;habitation du Nunavik<\/h3>\n\n\n\n<div class=\"wp-block-group titres-lignes-custom-orange is-layout-constrained wp-block-group-is-layout-constrained\"><\/div>\n\n\n\n<figure class=\"wp-block-image size-full titres-img-custom-orange\"><img loading=\"lazy\" decoding=\"async\" width=\"99\" height=\"87\" src=\"https:\/\/nunavikhb.ca\/wp-content\/uploads\/2024\/07\/triangle-orange.png\" alt=\"\" class=\"wp-image-389\"\/><\/figure>\n<\/div>\n\n\n\n<div class=\"wp-block-group has-vert-color has-text-color has-link-color wp-elements-7c7c1b8ecb2155ed5f05bdf8326bcd59 is-layout-constrained wp-block-group-is-layout-constrained\">\n<p>Cr\u00e9\u00e9 en 1999, l\u2019Office d\u2019habitation du Nunavik a pour mission d\u2019offrir des logements confortables, s\u00e9curitaires et abordables, adapt\u00e9s aux besoins et \u00e0 la culture des Inuits. Gr\u00e2ce \u00e0 ses programmes et services, et avec l&rsquo;aide de ses partenaires, NHB contribue au d\u00e9veloppement de communaut\u00e9s dynamiques, durables et s\u00e9curitaires. <\/p>\n\n\n\n<p>Aujourd&rsquo;hui, elle agit \u00e0 titre de repr\u00e9sentant d\u00e9sign\u00e9 par la Soci\u00e9t\u00e9 d&rsquo;habitation du Qu\u00e9bec (SHQ) pour superviser et entretenir un parc de logements sociaux de 4 004 unit\u00e9s r\u00e9parties dans les quatorze communaut\u00e9s du Nunavik.<\/p>\n\n\n\n<p>NHB fournit des logements \u00e0 98 % des Inuits de la r\u00e9gion. Cela repr\u00e9sente environ 14 000 individus sur un territoire de 443 000 km2. <\/p>\n<\/div>\n<\/div>\n<\/div>\n\n\n\n<div class=\"wp-block-group has-background is-layout-constrained wp-block-group-is-layout-constrained\" style=\"background-color:#e0f3ff\">\n<div class=\"wp-block-group contenu-page-1280px is-layout-constrained wp-block-group-is-layout-constrained\">\n<div class=\"wp-block-group gp-titres-custom is-nowrap is-layout-flex wp-container-core-group-is-layout-ad2f72ca wp-block-group-is-layout-flex\">\n<h3 class=\"wp-block-heading titres-custom-bleu\" id=\"ancre-governance\">Gouvernance<\/h3>\n\n\n\n<div class=\"wp-block-group titres-lignes-custom-bleu is-layout-constrained wp-block-group-is-layout-constrained\"><\/div>\n\n\n\n<figure class=\"wp-block-image size-full titres-img-custom-orange\"><img loading=\"lazy\" decoding=\"async\" width=\"99\" height=\"87\" src=\"https:\/\/nunavikhb.ca\/wp-content\/uploads\/2024\/07\/triangle-bleu.png\" alt=\"\" class=\"wp-image-442\"\/><\/figure>\n<\/div>\n\n\n\n<div class=\"wp-block-group has-vert-color has-text-color has-link-color wp-elements-67f6a2433b7169703e0a49a4b20ae3e2 is-layout-constrained wp-block-group-is-layout-constrained\">\n<p>L&rsquo;Office d&rsquo;habitation du Nunavik est r\u00e9gi par un conseil d&rsquo;administration compos\u00e9 de 7 repr\u00e9sentants communautaires nomm\u00e9s et \u00e9lus pour un mandat de 3 ans chacun :<\/p>\n\n\n\n<ul class=\"wp-block-list\">\n<li>2 membres nomm\u00e9s par le gouvernement du Qu\u00e9bec \u2013 Ministre responsable de l\u2019Habitation<\/li>\n\n\n\n<li>3 membres nomm\u00e9s par l&rsquo;Administration r\u00e9gionale Kativik (ARK)<\/li>\n\n\n\n<li>2 membres \u00e9lus parmi les locataires de NHB<\/li>\n<\/ul>\n\n\n\n<p>\u00c9dition 2024 du Conseil d&rsquo;Administration<\/p>\n\n\n\n<figure class=\"wp-block-table tableaux-customs tableaux-customs-bleus\"><table><thead><tr><th>Nom<\/th><th>Titre<\/th><th>Poste<\/th><\/tr><\/thead><tbody><tr><td>Sammy Duncan<\/td><td>Pr\u00e9sident<\/td><td>Nomm\u00e9 par le gouvernement du Qu\u00e9bec \u2013 Ministre responsable de l\u2019Habitation<\/td><\/tr><tr><td>Claude Gadbois<\/td><td>Vice-Pr\u00e9sident<\/td><td>Nomm\u00e9 par KRG<\/td><\/tr><tr><td>Richard Jones<\/td><td>Secr\u00e9taire-tr\u00e9sorier<\/td><td>Nomm\u00e9 par le gouvernement du Qu\u00e9bec \u2013 Ministre responsable de l\u2019Habitation<\/td><\/tr><tr><td>Sally Nuktie<\/td><td>Membre<\/td><td>Nomm\u00e9 par KRG<\/td><\/tr><tr><td>Jonathan Epoo<\/td><td>Membre<\/td><td>Nomm\u00e9 par KRG<\/td><\/tr><tr><td>Lucie Angiyou<\/td><td>Membre<\/td><td>\u00c9lu parmi les locataires de NHB &#8211; Puvirnituq<\/td><\/tr><tr><td>Pasha Keelan<\/td><td>Membre<\/td><td>\u00c9lu parmi les locataires de NHB &#8211; Kangiqsualujjuaq<\/td><\/tr><\/tbody><\/table><\/figure>\n<\/div>\n<\/div>\n<\/div>\n\n\n\n<div class=\"wp-block-group has-background is-layout-constrained wp-block-group-is-layout-constrained\" style=\"background-color:#fde9e0\">\n<div class=\"wp-block-group contenu-page-1280px is-layout-constrained wp-block-group-is-layout-constrained\">\n<div class=\"wp-block-group gp-titres-custom is-nowrap is-layout-flex wp-container-core-group-is-layout-ad2f72ca wp-block-group-is-layout-flex\">\n<h3 class=\"wp-block-heading titres-custom-rouge\" id=\"ancre-management-team\">\u00c9quipe de direction<\/h3>\n\n\n\n<div class=\"wp-block-group titres-lignes-custom-rouge is-layout-constrained wp-block-group-is-layout-constrained\"><\/div>\n\n\n\n<figure class=\"wp-block-image size-full titres-img-custom-orange\"><img loading=\"lazy\" decoding=\"async\" width=\"99\" height=\"87\" src=\"https:\/\/nunavikhb.ca\/wp-content\/uploads\/2024\/07\/triangle-rouge.png\" alt=\"\" class=\"wp-image-459\"\/><\/figure>\n<\/div>\n\n\n\n<div class=\"wp-block-group has-vert-color has-text-color has-link-color wp-elements-250faefd0bc06b462a62c07edf328515 is-layout-constrained wp-block-group-is-layout-constrained\">\n<p>Pour faciliter la gestion quotidienne des activit\u00e9s de l\u2019OHN, le conseil d&rsquo;administration d\u00e9l\u00e8gue certains pouvoirs au directeur g\u00e9n\u00e9ral. Ce dernier s&rsquo;appuie sur les conseils et le soutien de son \u00e9quipe de direction pour g\u00e9rer les op\u00e9rations et assurer le suivi des principaux d\u00e9fis de l&rsquo;organisation. <\/p>\n\n\n\n<figure class=\"wp-block-table tableaux-customs tableaux-customs-rouges\"><table><thead><tr><th>Nom<\/th><th>Titre<\/th><\/tr><\/thead><tbody><tr><td>Lupin Daignault<\/td><td>Directeur g\u00e9n\u00e9ral<\/td><\/tr><tr><td>Vacant<\/td><td>Directeur g\u00e9n\u00e9ral adjoint<\/td><\/tr><tr><td>Keara Pfeiff<\/td><td>Directrice, Parc Immobilier et r\u00e9novations<\/td><\/tr><tr><td>Audrey Rochon<\/td><td>Directrice adjointe int\u00e9rimaire, Parc Immobilier et r\u00e9novations<\/td><\/tr><tr><td>Jennifer La Page<\/td><td>Directeur, Services \u00e0 la client\u00e8le<\/td><\/tr><tr><td>Cheryl Gelsthorpe<\/td><td>Directrice adjointe, Service \u00e0 la client\u00e8le<\/td><\/tr><tr><td>Robert B\u00e9land<\/td><td>Directeur Principal, Finances et administration<\/td><\/tr><tr><td>Michel Marchand<\/td><td>Directeur adjoint, Finances et administration<\/td><\/tr><tr><td>Katy Audet<\/td><td>Directrice, Entretient des b\u00e2timents <\/td><\/tr><tr><td>Dylan Gordon<\/td><td>Directeur adjoint, Entretient des b\u00e2timents <\/td><\/tr><tr><td>Robert Leroux<\/td><td>Directeur, Ressources humaines<\/td><\/tr><\/tbody><\/table><\/figure>\n<\/div>\n<\/div>\n<\/div>\n<\/div>\n\n\n\n<p><\/p>\n","protected":false},"excerpt":{"rendered":"<p>\u00c0 propos Office d&rsquo;habitationdu Nunavik Gouvernance \u00c9quipe degestion Carri\u00e8res Commanditaires Nouvelles Office d&rsquo;habitation du Nunavik Cr\u00e9\u00e9 en 1999, l\u2019Office d\u2019habitation du Nunavik a pour mission d\u2019offrir des logements confortables, s\u00e9curitaires et abordables, adapt\u00e9s aux besoins et \u00e0 la culture des Inuits. Gr\u00e2ce \u00e0 ses programmes et services, et avec l&rsquo;aide de ses partenaires, NHB contribue [&hellip;]<\/p>\n","protected":false},"author":1,"featured_media":0,"parent":0,"menu_order":0,"comment_status":"closed","ping_status":"closed","template":"","meta":{"_acf_changed":false,"footnotes":""},"class_list":["post-2209","page","type-page","status-publish","hentry"],"acf":[],"_links":{"self":[{"href":"https:\/\/nunavikhb.ca\/fr\/wp-json\/wp\/v2\/pages\/2209","targetHints":{"allow":["GET"]}}],"collection":[{"href":"https:\/\/nunavikhb.ca\/fr\/wp-json\/wp\/v2\/pages"}],"about":[{"href":"https:\/\/nunavikhb.ca\/fr\/wp-json\/wp\/v2\/types\/page"}],"author":[{"embeddable":true,"href":"https:\/\/nunavikhb.ca\/fr\/wp-json\/wp\/v2\/users\/1"}],"replies":[{"embeddable":true,"href":"https:\/\/nunavikhb.ca\/fr\/wp-json\/wp\/v2\/comments?post=2209"}],"version-history":[{"count":17,"href":"https:\/\/nunavikhb.ca\/fr\/wp-json\/wp\/v2\/pages\/2209\/revisions"}],"predecessor-version":[{"id":3208,"href":"https:\/\/nunavikhb.ca\/fr\/wp-json\/wp\/v2\/pages\/2209\/revisions\/3208"}],"wp:attachment":[{"href":"https:\/\/nunavikhb.ca\/fr\/wp-json\/wp\/v2\/media?parent=2209"}],"curies":[{"name":"wp","href":"https:\/\/api.w.org\/{rel}","templated":true}]}}