{"id":2351,"date":"2024-11-20T14:02:21","date_gmt":"2024-11-20T19:02:21","guid":{"rendered":"https:\/\/kativik.cogiweb.com\/contact\/"},"modified":"2025-04-04T15:59:48","modified_gmt":"2025-04-04T19:59:48","slug":"contact","status":"publish","type":"page","link":"https:\/\/nunavikhb.ca\/fr\/contact\/","title":{"rendered":"Contact"},"content":{"rendered":"\n<div class=\"wp-block-group hero-pages-secondaires is-layout-constrained wp-block-group-is-layout-constrained\">\n<figure class=\"wp-block-image size-full hero-pages-secondaires-img\"><img loading=\"lazy\" decoding=\"async\" width=\"1920\" height=\"470\" src=\"https:\/\/nunavikhb.ca\/wp-content\/uploads\/2024\/08\/hero-contact.png\" alt=\"\" class=\"wp-image-1024\" srcset=\"https:\/\/nunavikhb.ca\/wp-content\/uploads\/2024\/08\/hero-contact.png 1920w, https:\/\/nunavikhb.ca\/wp-content\/uploads\/2024\/08\/hero-contact-300x73.png 300w, https:\/\/nunavikhb.ca\/wp-content\/uploads\/2024\/08\/hero-contact-1024x251.png 1024w, https:\/\/nunavikhb.ca\/wp-content\/uploads\/2024\/08\/hero-contact-768x188.png 768w, https:\/\/nunavikhb.ca\/wp-content\/uploads\/2024\/08\/hero-contact-1536x376.png 1536w\" sizes=\"auto, (max-width: 1920px) 100vw, 1920px\" \/><\/figure>\n\n\n\n<h1 class=\"wp-block-heading hero-pages-secondaires-title\">Contact<\/h1>\n<\/div>\n\n\n\n<div class=\"wp-block-group section-pastilles-double is-layout-constrained wp-block-group-is-layout-constrained\">\n<div class=\"wp-block-columns section-pastilles-double__cols is-layout-flex wp-container-core-columns-is-layout-9d6595d7 wp-block-columns-is-layout-flex\">\n<div class=\"wp-block-column section-pastilles-double__col has-background is-layout-flow wp-block-column-is-layout-flow\" style=\"background-color:#e0f3ff;flex-basis:50%\">\n<h2 class=\"wp-block-heading section-pastilles-double__titres\">Ressources pour les locataires<\/h2>\n\n\n\n<div class=\"wp-block-group section-pastilles-double__items is-content-justification-left is-nowrap is-layout-flex wp-container-core-group-is-layout-f56a869c wp-block-group-is-layout-flex\">\n<figure class=\"wp-block-image aligncenter size-full is-resized section-pastilles-double__items-img\"><a href=\"#contact-client-services\"><img decoding=\"async\" src=\"https:\/\/nunavikhb.ca\/wp-content\/uploads\/2024\/08\/Service-clients.svg\" alt=\"\" class=\"wp-image-1498\" style=\"object-fit:contain;width:undefinedpx;height:120px\"\/><\/a><\/figure>\n\n\n\n<p class=\"has-text-align-center section-pastilles-double__items-texte has-text-color has-link-color has-medium-font-size wp-elements-584150d06b7921256b43983b2bf7bfea\" style=\"color:#1d3e39\"><a href=\"#contact-client-services\" data-type=\"internal\" data-id=\"#ancre-rent-payments\">Services \u00e0 la client\u00e8le<\/a><\/p>\n\n\n\n<figure class=\"wp-block-image size-full is-resized section-pastilles-double__items-fleche\"><img decoding=\"async\" src=\"https:\/\/nunavikhb.ca\/wp-content\/uploads\/2024\/07\/fleche-droite-orange.svg\" alt=\"\" class=\"wp-image-292\" style=\"width:auto;height:16px\"\/><\/figure>\n<\/div>\n\n\n\n<div class=\"wp-block-group section-pastilles-double__items is-content-justification-left is-nowrap is-layout-flex wp-container-core-group-is-layout-f56a869c wp-block-group-is-layout-flex\">\n<figure class=\"wp-block-image aligncenter size-full is-resized section-pastilles-double__items-img\"><a href=\"#contact-comments-concerns\"><img decoding=\"async\" src=\"https:\/\/nunavikhb.ca\/wp-content\/uploads\/2024\/08\/Comments-and-Concerns-1.svg\" alt=\"\" class=\"wp-image-1489\" style=\"object-fit:contain;width:undefinedpx;height:120px\"\/><\/a><\/figure>\n\n\n\n<p class=\"has-text-align-center section-pastilles-double__items-texte has-text-color has-link-color has-medium-font-size wp-elements-68c5a98e1ecfdecf597b6e7f5b02b473\" style=\"color:#1d3e39\"><a href=\"#contact-comments-concerns\" data-type=\"internal\" data-id=\"#ancre-rent-payments\">Pr\u00e9occupations et commentaires<\/a><\/p>\n\n\n\n<figure class=\"wp-block-image size-full is-resized section-pastilles-double__items-fleche\"><img decoding=\"async\" src=\"https:\/\/nunavikhb.ca\/wp-content\/uploads\/2024\/07\/fleche-droite-orange.svg\" alt=\"\" class=\"wp-image-292\" style=\"width:auto;height:16px\"\/><\/figure>\n<\/div>\n\n\n\n<div class=\"wp-block-group section-pastilles-double__items is-content-justification-left is-nowrap is-layout-flex wp-container-core-group-is-layout-f56a869c wp-block-group-is-layout-flex\">\n<figure class=\"wp-block-image aligncenter size-full is-resized section-pastilles-double__items-img\"><a href=\"#contact-forms\"><img decoding=\"async\" src=\"https:\/\/nunavikhb.ca\/wp-content\/uploads\/2024\/08\/Forms-1.svg\" alt=\"\" class=\"wp-image-1495\" style=\"object-fit:contain;width:undefinedpx;height:120px\"\/><\/a><\/figure>\n\n\n\n<p class=\"has-text-align-center section-pastilles-double__items-texte has-text-color has-link-color has-medium-font-size wp-elements-5ff541e9214f9759ad2afb634654477f\" style=\"color:#1d3e39\"><a href=\"#contact-forms\" data-type=\"internal\" data-id=\"#ancre-rent-payments\">Formulaires et documents<\/a><\/p>\n\n\n\n<figure class=\"wp-block-image size-full is-resized section-pastilles-double__items-fleche\"><img decoding=\"async\" src=\"https:\/\/nunavikhb.ca\/wp-content\/uploads\/2024\/07\/fleche-droite-orange.svg\" alt=\"\" class=\"wp-image-292\" style=\"width:auto;height:16px\"\/><\/figure>\n<\/div>\n<\/div>\n\n\n\n<div class=\"wp-block-column section-pastilles-double__col has-background is-layout-flow wp-block-column-is-layout-flow\" style=\"background-color:#3294d18f;flex-basis:50%\">\n<h2 class=\"wp-block-heading section-pastilles-double__titres section-pastilles-double__titre2\">Contactez l&rsquo;Office d&rsquo;habitation du Nunavik<\/h2>\n\n\n\n<div class=\"wp-block-group section-pastilles-double__items is-content-justification-left is-nowrap is-layout-flex wp-container-core-group-is-layout-f56a869c wp-block-group-is-layout-flex\">\n<figure class=\"wp-block-image aligncenter size-full is-resized section-pastilles-double__items-img\"><a href=\"#contact-administration\"><img decoding=\"async\" src=\"https:\/\/nunavikhb.ca\/wp-content\/uploads\/2024\/08\/Administration-1.svg\" alt=\"\" class=\"wp-image-1486\" style=\"object-fit:contain;width:undefinedpx;height:120px\"\/><\/a><\/figure>\n\n\n\n<p class=\"has-text-align-center section-pastilles-double__items-texte has-text-color has-link-color has-medium-font-size wp-elements-c111af0f085af49ebf5b8140c226868b\" style=\"color:#1d3e39\"><a href=\"#contact-administration\" data-type=\"internal\" data-id=\"#ancre-rent-payments\">Administration<\/a><\/p>\n\n\n\n<figure class=\"wp-block-image size-full is-resized section-pastilles-double__items-fleche\"><img decoding=\"async\" src=\"https:\/\/nunavikhb.ca\/wp-content\/uploads\/2024\/08\/fleche-droite-bleu.svg\" alt=\"\" class=\"wp-image-1461\" style=\"width:auto;height:16px\"\/><\/figure>\n<\/div>\n\n\n\n<div class=\"wp-block-group section-pastilles-double__items is-content-justification-left is-nowrap is-layout-flex wp-container-core-group-is-layout-f56a869c wp-block-group-is-layout-flex\">\n<figure class=\"wp-block-image aligncenter size-full is-resized section-pastilles-double__items-img\"><a href=\"#contact-communications-media\"><img decoding=\"async\" src=\"https:\/\/nunavikhb.ca\/wp-content\/uploads\/2024\/08\/Communication-1.svg\" alt=\"\" class=\"wp-image-1492\" style=\"object-fit:contain;width:undefinedpx;height:120px\"\/><\/a><\/figure>\n\n\n\n<p class=\"has-text-align-center section-pastilles-double__items-texte has-text-color has-link-color has-medium-font-size wp-elements-cbb59a18f5837d5dc11dd5931a6c7b05\" style=\"color:#1d3e39\"><a href=\"#contact-communications-media\" data-type=\"internal\" data-id=\"#ancre-rent-payments\">Communications et m\u00e9dias<\/a><\/p>\n\n\n\n<figure class=\"wp-block-image size-full is-resized section-pastilles-double__items-fleche\"><img decoding=\"async\" src=\"https:\/\/nunavikhb.ca\/wp-content\/uploads\/2024\/08\/fleche-droite-bleu.svg\" alt=\"\" class=\"wp-image-1461\" style=\"width:auto;height:16px\"\/><\/figure>\n<\/div>\n\n\n\n<div class=\"wp-block-group section-pastilles-double__items is-content-justification-left is-nowrap is-layout-flex wp-container-core-group-is-layout-f56a869c wp-block-group-is-layout-flex\">\n<figure class=\"wp-block-image aligncenter size-full is-resized section-pastilles-double__items-img\"><a href=\"#contact-sponsorship-request\"><img decoding=\"async\" src=\"https:\/\/nunavikhb.ca\/wp-content\/uploads\/2024\/08\/Sponsorship2-1.svg\" alt=\"\" class=\"wp-image-1501\" style=\"object-fit:contain;width:undefinedpx;height:120px\"\/><\/a><\/figure>\n\n\n\n<p class=\"has-text-align-center section-pastilles-double__items-texte has-text-color has-link-color has-medium-font-size wp-elements-f05e1581687cdc4cdc8fba82294fffc1\" style=\"color:#1d3e39\"><a href=\"#contact-sponsorship-request\" data-type=\"internal\" data-id=\"#ancre-rent-payments\">Demande de commandite<\/a><\/p>\n\n\n\n<figure class=\"wp-block-image size-full is-resized section-pastilles-double__items-fleche\"><img decoding=\"async\" src=\"https:\/\/nunavikhb.ca\/wp-content\/uploads\/2024\/08\/fleche-droite-bleu.svg\" alt=\"\" class=\"wp-image-1461\" style=\"width:auto;height:16px\"\/><\/figure>\n<\/div>\n<\/div>\n<\/div>\n<\/div>\n\n\n\n<div class=\"wp-block-group is-layout-constrained wp-container-core-group-is-layout-70165e62 wp-block-group-is-layout-constrained\">\n<div class=\"wp-block-group has-background is-layout-constrained wp-block-group-is-layout-constrained\" style=\"background-color:#ffe5c7\">\n<div class=\"wp-block-group contenu-page-1280px is-layout-constrained wp-block-group-is-layout-constrained\">\n<div class=\"wp-block-group gp-titres-custom is-nowrap is-layout-flex wp-container-core-group-is-layout-ad2f72ca wp-block-group-is-layout-flex\">\n<h3 class=\"wp-block-heading titres-custom-orange\" id=\"contact-client-services\">Services \u00e0 la client\u00e8le<\/h3>\n\n\n\n<div class=\"wp-block-group titres-lignes-custom-orange is-layout-constrained wp-block-group-is-layout-constrained\"><\/div>\n\n\n\n<figure class=\"wp-block-image size-full titres-img-custom-orange\"><img loading=\"lazy\" decoding=\"async\" width=\"99\" height=\"87\" src=\"https:\/\/nunavikhb.ca\/wp-content\/uploads\/2024\/07\/triangle-orange.png\" alt=\"\" class=\"wp-image-389\"\/><\/figure>\n<\/div>\n\n\n\n<div class=\"wp-block-group has-vert-color has-text-color has-link-color wp-elements-b511b2dcfe4c23b483ebbe6632987bc9 is-layout-constrained wp-block-group-is-layout-constrained\">\n<p class=\"has-medium-font-size\">Si vous souhaitez communiquer avec votre bureau local de l&rsquo;Office d\u2019habitation du Nunavik, consultez l&rsquo;annuaire.<\/p>\n\n\n\n<p class=\"boutons-consulter\"><a href=\"https:\/\/nunavikhb.ca\/fr\/services-a-la-clientele\/\" target=\"_blank\" rel=\"noreferrer noopener\">Annuaire de l&rsquo;Office d\u2019habitation du Nunavik<\/a><\/p>\n\n\n\n<div style=\"height:60px\" aria-hidden=\"true\" class=\"wp-block-spacer\"><\/div>\n<\/div>\n\n\n\n<div class=\"wp-block-group gp-titres-custom is-nowrap is-layout-flex wp-container-core-group-is-layout-ad2f72ca wp-block-group-is-layout-flex\">\n<h3 class=\"wp-block-heading titres-custom-orange\" id=\"contact-comments-concerns\">Pr\u00e9occupations et commentaires<\/h3>\n\n\n\n<div class=\"wp-block-group titres-lignes-custom-orange is-layout-constrained wp-block-group-is-layout-constrained\"><\/div>\n\n\n\n<figure class=\"wp-block-image size-full titres-img-custom-orange\"><img loading=\"lazy\" decoding=\"async\" width=\"99\" height=\"87\" src=\"https:\/\/nunavikhb.ca\/wp-content\/uploads\/2024\/07\/triangle-orange.png\" alt=\"\" class=\"wp-image-389\"\/><\/figure>\n<\/div>\n\n\n\n<div class=\"wp-block-group has-vert-color has-text-color has-link-color wp-elements-77cae9f64a7e6d2d5ab4531fbe057e14 is-layout-constrained wp-block-group-is-layout-constrained\">\n<p class=\"has-medium-font-size\">Vous avez un probl\u00e8me avec votre logement ?<\/p>\n\n\n\n<p>Demandez l&rsquo;aide \u00e0 votre gestionnaire de logement de votre communaut\u00e9. <a href=\"https:\/\/nunavikhb.ca\/fr\/services-a-la-clientele\/\" data-type=\"page\" data-id=\"1046\" target=\"_blank\" rel=\"noreferrer noopener\">Consultez l&rsquo;annuaire pour les bureaux locaux<\/a> et les coordonn\u00e9es.<\/p>\n\n\n\n<p>Insatisfait de la fa\u00e7on dont votre dossier est trait\u00e9? Contactez les Services \u00e0 la client\u00e8le au si\u00e8ge social de Kuujjuaq : 819 964-2000 ou \u00e0 l\u2019adresse courriel <a href=\"mailto:housing@nunavikhb.ca?subject=Pr%C3%A9occupation%20concernant%20mon%20logement\" target=\"_blank\" rel=\"noreferrer noopener\">housing@nunavikhb.ca.<\/a><\/p>\n\n\n\n<p>Si vous \u00eates insatisfait de la r\u00e9ponse ou trouvez que le d\u00e9lai de traitement est d\u00e9raisonnable, veuillez d\u00e9poser une plainte aupr\u00e8s de la direction de l\u2019Office d\u2019habitation du Nunavik, remplir le <a href=\"https:\/\/nunavikhb.ca\/wp-content\/uploads\/2025\/04\/Plaintes_Formulaire_Revise-April25.pdf\" target=\"_blank\" rel=\"noreferrer noopener\">formulaire de plainte<\/a> et l\u2019envoyer :<\/p>\n\n\n\n<p><strong>Par courriel;<\/strong><\/p>\n\n\n\n<p><a href=\"mailto:complaints@nunavikhb.ca?subject=Je%20souhaite%20faire%20une%20plainte\" target=\"_blank\" rel=\"noreferrer noopener\">complaints@nunavikhb.ca<\/a><\/p>\n\n\n\n<p><strong>Par la poste;<\/strong><\/p>\n\n\n\n<p>Bureau des plaintes &#8211; Office d\u2019habitation du Nunavik<br>Bo\u00eete postale 1200 <br>Kuujjuaq, Qu\u00e9bec<br>J0M 1C0<\/p>\n\n\n\n<div style=\"height:60px\" aria-hidden=\"true\" class=\"wp-block-spacer\"><\/div>\n<\/div>\n\n\n\n<div class=\"wp-block-group gp-titres-custom is-nowrap is-layout-flex wp-container-core-group-is-layout-ad2f72ca wp-block-group-is-layout-flex\">\n<h3 class=\"wp-block-heading titres-custom-orange\" id=\"contact-forms\">Formulaires et documents<\/h3>\n\n\n\n<div class=\"wp-block-group titres-lignes-custom-orange is-layout-constrained wp-block-group-is-layout-constrained\"><\/div>\n\n\n\n<figure class=\"wp-block-image size-full titres-img-custom-orange\"><img loading=\"lazy\" decoding=\"async\" width=\"99\" height=\"87\" src=\"https:\/\/nunavikhb.ca\/wp-content\/uploads\/2024\/07\/triangle-orange.png\" alt=\"\" class=\"wp-image-389\"\/><\/figure>\n<\/div>\n\n\n\n<div class=\"wp-block-group has-vert-color has-text-color has-link-color wp-elements-0e386293f0fc7f68a4ab207e3fc9bf82 is-layout-constrained wp-block-group-is-layout-constrained\">\n<p class=\"has-medium-font-size\">Si vous cherchez un formulaire ou une publication de l&rsquo;Office d&rsquo;habitation du Nunavik, vous pouvez consulter la page Formulaire et document:<\/p>\n\n\n\n<p class=\"boutons-consulter\"><a href=\"https:\/\/nunavikhb.ca\/fr\/forms-and-documents\/\">Formulaires OHN<\/a><\/p>\n\n\n\n<div style=\"height:60px\" aria-hidden=\"true\" class=\"wp-block-spacer\"><\/div>\n<\/div>\n<\/div>\n<\/div>\n\n\n\n<div class=\"wp-block-group has-background is-layout-constrained wp-block-group-is-layout-constrained\" style=\"background-color:#e0f3ff\">\n<div class=\"wp-block-group contenu-page-1280px is-layout-constrained wp-block-group-is-layout-constrained\">\n<div class=\"wp-block-group gp-titres-custom is-nowrap is-layout-flex wp-container-core-group-is-layout-ad2f72ca wp-block-group-is-layout-flex\">\n<h3 class=\"wp-block-heading titres-custom-bleu\" id=\"contact-administration\">Administration<\/h3>\n\n\n\n<div class=\"wp-block-group titres-lignes-custom-bleu is-layout-constrained wp-block-group-is-layout-constrained\"><\/div>\n\n\n\n<figure class=\"wp-block-image size-full titres-img-custom-orange\"><img loading=\"lazy\" decoding=\"async\" width=\"99\" height=\"87\" src=\"https:\/\/nunavikhb.ca\/wp-content\/uploads\/2024\/07\/triangle-bleu.png\" alt=\"\" class=\"wp-image-442\"\/><\/figure>\n<\/div>\n\n\n\n<div class=\"wp-block-group has-vert-color has-text-color has-link-color wp-elements-2e5bd900fb8a74777e8e27cd97e4c4c3 is-layout-constrained wp-block-group-is-layout-constrained\">\n<p>Si vous devez parler \u00e0 un membre de l\u2019\u00e9quipe de direction, veuillez visiter la section <a href=\"https:\/\/nunavikhb.ca\/fr\/a-propos\/\">\u00c0 propos<\/a> pour trouver le directeur du d\u00e9partement que vous recherchez. Ensuite, appelez le bureau principal au 819 964-2000 et demandez \u00e0 entrer en contact avec lui ou envoyez un courriel \u00e0<a href=\"mailto:info@nunavikhb.ca?subject=Demande%20d%27information%20sur%20l%27OHN\" target=\"_blank\" rel=\"noreferrer noopener\"> info@nunavikhb.ca<\/a>.<\/p>\n\n\n\n<div style=\"height:60px\" aria-hidden=\"true\" class=\"wp-block-spacer\"><\/div>\n<\/div>\n\n\n\n<div class=\"wp-block-group gp-titres-custom is-nowrap is-layout-flex wp-container-core-group-is-layout-ad2f72ca wp-block-group-is-layout-flex\">\n<h3 class=\"wp-block-heading titres-custom-bleu\" id=\"contact-communications-media\">Communications et m\u00e9dias<\/h3>\n\n\n\n<div class=\"wp-block-group titres-lignes-custom-bleu is-layout-constrained wp-block-group-is-layout-constrained\"><\/div>\n\n\n\n<figure class=\"wp-block-image size-full titres-img-custom-orange\"><img loading=\"lazy\" decoding=\"async\" width=\"99\" height=\"87\" src=\"https:\/\/nunavikhb.ca\/wp-content\/uploads\/2024\/07\/triangle-bleu.png\" alt=\"\" class=\"wp-image-442\"\/><\/figure>\n<\/div>\n\n\n\n<div class=\"wp-block-group has-vert-color has-text-color has-link-color wp-elements-48888428ede109f9ebf2fa8dc13eadf7 is-layout-constrained wp-block-group-is-layout-constrained\">\n<p>Pour toute demande des m\u00e9dias ou demande d&rsquo;entretien, veuillez nous contacter au 819 964-2000 # 276 ou envoyer un courriel \u00e0 <a href=\"mailto:communication@nunavikhb.ca?subject=Demande%20m%C3%A9dias\" target=\"_blank\" rel=\"noreferrer noopener\">communication@nunavikhb.ca<\/a>.<\/p>\n\n\n\n<div style=\"height:60px\" aria-hidden=\"true\" class=\"wp-block-spacer\"><\/div>\n\n\n\n<div class=\"wp-block-group gp-titres-custom is-nowrap is-layout-flex wp-container-core-group-is-layout-ad2f72ca wp-block-group-is-layout-flex\">\n<h3 class=\"wp-block-heading titres-custom-bleu\" id=\"contact-sponsorship-request\">Demande de commandite<\/h3>\n\n\n\n<div class=\"wp-block-group titres-lignes-custom-bleu is-layout-constrained wp-block-group-is-layout-constrained\"><\/div>\n\n\n\n<figure class=\"wp-block-image size-full titres-img-custom-orange\"><img loading=\"lazy\" decoding=\"async\" width=\"99\" height=\"87\" src=\"https:\/\/nunavikhb.ca\/wp-content\/uploads\/2024\/07\/triangle-bleu.png\" alt=\"\" class=\"wp-image-442\"\/><\/figure>\n<\/div>\n\n\n\n<div class=\"wp-block-group has-vert-color has-text-color has-link-color wp-elements-8d54fd2130adac501ead8c0dc37206db is-layout-constrained wp-block-group-is-layout-constrained\">\n<p>Les organisations peuvent faire une demande de commandite, <a href=\"https:\/\/nunavikhb.ca\/wp-content\/uploads\/2025\/03\/Formulaire-de-demande-de-commandite_Final-FR_Revise-Jan25.pdf\" target=\"_blank\" rel=\"noreferrer noopener\">t\u00e9l\u00e9charger le formulaire de demande<\/a> et consulter notre <a href=\"https:\/\/nunavikhb.ca\/wp-content\/uploads\/2025\/03\/NHB-Sponsorship-Policy_final_FR_Revisee-Janv25.pdf\" target=\"_blank\" rel=\"noreferrer noopener\">politique de directives<\/a> pour s&rsquo;assurer que votre demande correspond \u00e0 nos crit\u00e8res.<\/p>\n\n\n\n<p>Pr\u00e9parez votre demande de commandite en incluant:<\/p>\n\n\n\n<ul class=\"wp-block-list\">\n<li>Nom et description de l&rsquo;\u00e9v\u00e9nement.<\/li>\n\n\n\n<li>Nom de l&rsquo;organisation organisatrice (si diff\u00e9rent du nom de l&rsquo;\u00e9v\u00e9nement).<\/li>\n\n\n\n<li>Nom, poste et coordonn\u00e9es de la personne-ressource.<\/li>\n\n\n\n<li>Lieu(x) et dates de l&rsquo;\u00e9v\u00e9nement.<\/li>\n\n\n\n<li>Nombre de participants attendus et profil socio-d\u00e9mographique.<\/li>\n\n\n\n<li>Plan de visibilit\u00e9 propos\u00e9 et avantages offerts.<\/li>\n<\/ul>\n\n\n\n<p>Sugg\u00e9rer des fa\u00e7ons dont l&rsquo;Office d\u2019habitation du Nunavik peut g\u00e9n\u00e9rer des exp\u00e9riences uniques avec les membres de votre communaut\u00e9 en s&rsquo;engageant dans cette commandite. Les objectifs et attentes de NHB dans le cadre de commandites, sont en lien avec sa mission et ses valeurs fondamentales. La demande doit \u00eatre envoy\u00e9e au moins 3 mois avant l&rsquo;\u00e9v\u00e9nement. <\/p>\n\n\n\n<p>Envoyez votre demande \u00e0 <a href=\"mailto:communication@nunavikhb.ca?subject=Demande%20de%20commandite\" target=\"_blank\" rel=\"noreferrer noopener\">communication@nunavikhb.ca<\/a>.<\/p>\n\n\n\n<div style=\"height:60px\" aria-hidden=\"true\" class=\"wp-block-spacer\"><\/div>\n<\/div>\n<\/div>\n<\/div>\n<\/div>\n<\/div>\n","protected":false},"excerpt":{"rendered":"<p>Contact Ressources pour les locataires Services \u00e0 la client\u00e8le Pr\u00e9occupations et commentaires Formulaires et documents Contactez l&rsquo;Office d&rsquo;habitation du Nunavik Administration Communications et m\u00e9dias Demande de commandite Services \u00e0 la client\u00e8le Si vous souhaitez communiquer avec votre bureau local de l&rsquo;Office d\u2019habitation du Nunavik, consultez l&rsquo;annuaire. Annuaire de l&rsquo;Office d\u2019habitation du Nunavik Pr\u00e9occupations et commentaires [&hellip;]<\/p>\n","protected":false},"author":1,"featured_media":0,"parent":0,"menu_order":0,"comment_status":"closed","ping_status":"closed","template":"","meta":{"_acf_changed":false,"footnotes":""},"class_list":["post-2351","page","type-page","status-publish","hentry"],"acf":[],"_links":{"self":[{"href":"https:\/\/nunavikhb.ca\/fr\/wp-json\/wp\/v2\/pages\/2351","targetHints":{"allow":["GET"]}}],"collection":[{"href":"https:\/\/nunavikhb.ca\/fr\/wp-json\/wp\/v2\/pages"}],"about":[{"href":"https:\/\/nunavikhb.ca\/fr\/wp-json\/wp\/v2\/types\/page"}],"author":[{"embeddable":true,"href":"https:\/\/nunavikhb.ca\/fr\/wp-json\/wp\/v2\/users\/1"}],"replies":[{"embeddable":true,"href":"https:\/\/nunavikhb.ca\/fr\/wp-json\/wp\/v2\/comments?post=2351"}],"version-history":[{"count":10,"href":"https:\/\/nunavikhb.ca\/fr\/wp-json\/wp\/v2\/pages\/2351\/revisions"}],"predecessor-version":[{"id":3008,"href":"https:\/\/nunavikhb.ca\/fr\/wp-json\/wp\/v2\/pages\/2351\/revisions\/3008"}],"wp:attachment":[{"href":"https:\/\/nunavikhb.ca\/fr\/wp-json\/wp\/v2\/media?parent=2351"}],"curies":[{"name":"wp","href":"https:\/\/api.w.org\/{rel}","templated":true}]}}